{"id":121210,"date":"2026-02-27T11:41:49","date_gmt":"2026-02-27T10:41:49","guid":{"rendered":"https:\/\/arlette-kaballo-concept-store.com\/?page_id=121210"},"modified":"2026-04-21T13:50:41","modified_gmt":"2026-04-21T11:50:41","slug":"faq-2","status":"publish","type":"page","link":"https:\/\/arlette-kaballo-concept-store.com\/fr\/faq-2\/","title":{"rendered":"FAQ"},"content":{"rendered":"\r\n<div data-wp-context=\"{ &quot;autoclose&quot;: false, &quot;accordionItems&quot;: [] }\" data-wp-interactive=\"core\/accordion\" class=\"wp-block-accordion is-layout-flow wp-block-accordion-is-layout-flow\" role=\"group\">\r\n<div data-wp-class--is-open=\"state.isOpen\" data-wp-context=\"{ &quot;id&quot;: &quot;accordion-item-1&quot;, &quot;openByDefault&quot;: false }\" data-wp-init=\"callbacks.initAccordionItems\" data-wp-on-window--hashchange=\"callbacks.hashChange\" class=\"wp-block-accordion-item is-layout-flow wp-block-accordion-item-is-layout-flow\">\r\n<h3 class=\"wp-block-accordion-heading\"><button aria-controls=\"accordion-item-1-panel\" data-wp-bind--aria-expanded=\"state.isOpen\" data-wp-on--click=\"actions.toggle\" data-wp-on--keydown=\"actions.handleKeyDown\" id=\"accordion-item-1\" class=\"wp-block-accordion-heading__toggle\" type=\"button\"><span class=\"wp-block-accordion-heading__toggle-title\">Comment puis-je passer commande ?<\/span><span class=\"wp-block-accordion-heading__toggle-icon\" aria-hidden=\"true\">+<\/span><\/button><\/h3>\r\n\r\n\r\n\r\n<div aria-labelledby=\"accordion-item-1\" data-wp-bind--inert=\"!state.isOpen\" id=\"accordion-item-1-panel\" class=\"wp-block-accordion-panel is-layout-flow wp-block-accordion-panel-is-layout-flow\" role=\"region\">\r\n<p>Les commandes se font exclusivement sur notre boutique en ligne. Nous n\u2019acceptons pas les commandes par t\u00e9l\u00e9phone. Pour commander, il vous suffit de trouver l\u2019article (par exemple, dans la cat\u00e9gorie \u00ab\u00a0Tous les articles\u00a0\u00bb) et de l\u2019ajouter \u00e0 votre panier. Ensuite, proc\u00e9dez au paiement et suivez les instructions. Cliquez ici pour voir les articles\u00a0:<br \/><a href=\"https:\/\/arlette-kaballo-concept-store.com\/fr\/categorie-de-produits\/fashion-fr\/\">https:\/\/arlette-kaballo-concept-store.com\/fr\/categorie-de-produits\/fashion-fr\/<\/a><\/p>\r\n<\/div>\r\n<\/div>\r\n\r\n\r\n\r\n<div data-wp-class--is-open=\"state.isOpen\" data-wp-context=\"{ &quot;id&quot;: &quot;accordion-item-11&quot;, &quot;openByDefault&quot;: false }\" data-wp-init=\"callbacks.initAccordionItems\" data-wp-on-window--hashchange=\"callbacks.hashChange\" class=\"wp-block-accordion-item is-layout-flow wp-block-accordion-item-is-layout-flow\">\r\n<h3 class=\"wp-block-accordion-heading\"><button aria-controls=\"accordion-item-11-panel\" data-wp-bind--aria-expanded=\"state.isOpen\" data-wp-on--click=\"actions.toggle\" data-wp-on--keydown=\"actions.handleKeyDown\" id=\"accordion-item-11\" class=\"wp-block-accordion-heading__toggle\" type=\"button\"><span class=\"wp-block-accordion-heading__toggle-title\">Quelles sont les tailles disponibles ?<\/span><span class=\"wp-block-accordion-heading__toggle-icon\" aria-hidden=\"true\">+<\/span><\/button><\/h3>\r\n\r\n\r\n\r\n<div aria-labelledby=\"accordion-item-11\" data-wp-bind--inert=\"!state.isOpen\" id=\"accordion-item-11-panel\" class=\"wp-block-accordion-panel is-layout-flow wp-block-accordion-panel-is-layout-flow\" role=\"region\">\r\n<p>La plupart de nos v\u00eatements sont disponibles en taille unique. Pour chaque article, nous indiquons la mesure taille de poitrine, la longueur et, pour les pantalons, le tour de taille et la longueur d\u2019entrejambe. Nous pr\u00e9cisons \u00e9galement la tranche de tailles \u00e0 laquelle l\u2019article convient.<\/p>\r\n<\/div>\r\n\r\n\r\n\r\n\r\n\r\n<div data-wp-class--is-open=\"state.isOpen\" data-wp-context=\"{ &quot;id&quot;: &quot;accordion-item-2&quot;, &quot;openByDefault&quot;: false }\" data-wp-init=\"callbacks.initAccordionItems\" data-wp-on-window--hashchange=\"callbacks.hashChange\" class=\"wp-block-accordion-item is-layout-flow wp-block-accordion-item-is-layout-flow\">\r\n<h3 class=\"wp-block-accordion-heading\"><button aria-controls=\"accordion-item-2-panel\" data-wp-bind--aria-expanded=\"state.isOpen\" data-wp-on--click=\"actions.toggle\" data-wp-on--keydown=\"actions.handleKeyDown\" id=\"accordion-item-2\" class=\"wp-block-accordion-heading__toggle\" type=\"button\"><span class=\"wp-block-accordion-heading__toggle-title\">Comment trouver des articles sp\u00e9cifiques ?<\/span><span class=\"wp-block-accordion-heading__toggle-icon\" aria-hidden=\"true\">+<\/span><\/button><\/h3>\r\n\r\n\r\n\r\n<div aria-labelledby=\"accordion-item-2\" data-wp-bind--inert=\"!state.isOpen\" id=\"accordion-item-2-panel\" class=\"wp-block-accordion-panel is-layout-flow wp-block-accordion-panel-is-layout-flow\" role=\"region\">\r\n<p>Une petite ic\u00f4ne de loupe est pr\u00e9sente sur chaque page de la boutique en ligne\u00a0; vous pouvez l\u2019utiliser pour rechercher des articles. Si vous ne connaissez pas le nom de l\u2019article, ouvrez simplement la cat\u00e9gorie correspondante. Pour les chaussures ou les articles en promotion le dimanche, vous pouvez acc\u00e9der directement \u00e0 ces cat\u00e9gories. Par exemple, si vous recherchez un pantalon, ouvrez la cat\u00e9gorie \u00ab\u00a0Collection\u00a0\u00bb, puis la sous-cat\u00e9gorie \u00ab\u00a0Pantalons\u00a0\u00bb.<\/p>\r\n<\/div>\r\n<\/div>\r\n\r\n\r\n\r\n<div data-wp-class--is-open=\"state.isOpen\" data-wp-context=\"{ &quot;id&quot;: &quot;accordion-item-3&quot;, &quot;openByDefault&quot;: false }\" data-wp-init=\"callbacks.initAccordionItems\" data-wp-on-window--hashchange=\"callbacks.hashChange\" class=\"wp-block-accordion-item is-layout-flow wp-block-accordion-item-is-layout-flow\">\r\n<h3 class=\"wp-block-accordion-heading\"><button aria-controls=\"accordion-item-3-panel\" data-wp-bind--aria-expanded=\"state.isOpen\" data-wp-on--click=\"actions.toggle\" data-wp-on--keydown=\"actions.handleKeyDown\" id=\"accordion-item-3\" class=\"wp-block-accordion-heading__toggle\" type=\"button\"><span class=\"wp-block-accordion-heading__toggle-title\">Dans quels pays effectuez-vous des livraisons\u00a0?<\/span><span class=\"wp-block-accordion-heading__toggle-icon\" aria-hidden=\"true\">+<\/span><\/button><\/h3>\r\n\r\n\r\n\r\n<div aria-labelledby=\"accordion-item-3\" data-wp-bind--inert=\"!state.isOpen\" id=\"accordion-item-3-panel\" class=\"wp-block-accordion-panel is-layout-flow wp-block-accordion-panel-is-layout-flow\" role=\"region\">\r\n<p>Nous exp\u00e9dierons bient\u00f4t nos produits dans tous les pays de l\u2019UE. Actuellement, outre l\u2019Allemagne, nous livrons \u00e9galement en Autriche, en Italie, au Luxembourg, en France, en Belgique, aux Pays-Bas et en Suisse.<\/p>\r\n<\/div>\r\n<\/div>\r\n\r\n\r\n\r\n<div data-wp-class--is-open=\"state.isOpen\" data-wp-context=\"{ &quot;id&quot;: &quot;accordion-item-4&quot;, &quot;openByDefault&quot;: false }\" data-wp-init=\"callbacks.initAccordionItems\" data-wp-on-window--hashchange=\"callbacks.hashChange\" class=\"wp-block-accordion-item is-layout-flow wp-block-accordion-item-is-layout-flow\">\r\n<h3 class=\"wp-block-accordion-heading\"><button aria-controls=\"accordion-item-4-panel\" data-wp-bind--aria-expanded=\"state.isOpen\" data-wp-on--click=\"actions.toggle\" data-wp-on--keydown=\"actions.handleKeyDown\" id=\"accordion-item-4\" class=\"wp-block-accordion-heading__toggle\" type=\"button\"><span class=\"wp-block-accordion-heading__toggle-title\">Comment fonctionne l\u2019exp\u00e9dition vers la Suisse ?<\/span><span class=\"wp-block-accordion-heading__toggle-icon\" aria-hidden=\"true\">+<\/span><\/button><\/h3>\r\n\r\n\r\n\r\n<div aria-labelledby=\"accordion-item-4\" data-wp-bind--inert=\"!state.isOpen\" id=\"accordion-item-4-panel\" class=\"wp-block-accordion-panel is-layout-flow wp-block-accordion-panel-is-layout-flow\" role=\"region\">\r\n<p>Nous offrons \u00e0 nos clients suisses la possibilit\u00e9 de faire leurs achats chez nous via le prestataire de services \u00ab\u00a0MeinEinkauf.ch\u00a0\u00bb. Vous trouverez toutes les informations importantes ici\u00a0:<br \/><a href=\"https:\/\/arlette-kaballo-concept-store.com\/versand-in-die-schweiz\/\">https:\/\/arlette-kaballo-concept-store.com\/versand-in-die-schweiz\/<\/a><\/p>\r\n<\/div>\r\n<\/div>\r\n\r\n\r\n\r\n<div data-wp-class--is-open=\"state.isOpen\" data-wp-context=\"{ &quot;id&quot;: &quot;accordion-item-5&quot;, &quot;openByDefault&quot;: false }\" data-wp-init=\"callbacks.initAccordionItems\" data-wp-on-window--hashchange=\"callbacks.hashChange\" class=\"wp-block-accordion-item is-layout-flow wp-block-accordion-item-is-layout-flow\">\r\n<h3 class=\"wp-block-accordion-heading\"><button aria-controls=\"accordion-item-5-panel\" data-wp-bind--aria-expanded=\"state.isOpen\" data-wp-on--click=\"actions.toggle\" data-wp-on--keydown=\"actions.handleKeyDown\" id=\"accordion-item-5\" class=\"wp-block-accordion-heading__toggle\" type=\"button\"><span class=\"wp-block-accordion-heading__toggle-title\">Quels sont les frais de livraison\u00a0?<\/span><span class=\"wp-block-accordion-heading__toggle-icon\" aria-hidden=\"true\">+<\/span><\/button><\/h3>\r\n\r\n\r\n\r\n<div aria-labelledby=\"accordion-item-5\" data-wp-bind--inert=\"!state.isOpen\" id=\"accordion-item-5-panel\" class=\"wp-block-accordion-panel is-layout-flow wp-block-accordion-panel-is-layout-flow\" role=\"region\">\r\n<p>En Allemagne, la livraison est gratuite pour toute commande sup\u00e9rieure \u00e0 80 \u20ac. Pour les commandes inf\u00e9rieures \u00e0 80 \u20ac, les frais de port sont de 4,90 \u20ac. \u00c0 l\u2019international, les frais de port sont \u00e0 partir de 8,90 \u20ac. Ils seront affich\u00e9s lors du paiement.<\/p>\r\n<\/div>\r\n<\/div>\r\n\r\n\r\n\r\n<div data-wp-class--is-open=\"state.isOpen\" data-wp-context=\"{ &quot;id&quot;: &quot;accordion-item-6&quot;, &quot;openByDefault&quot;: false }\" data-wp-init=\"callbacks.initAccordionItems\" data-wp-on-window--hashchange=\"callbacks.hashChange\" class=\"wp-block-accordion-item is-layout-flow wp-block-accordion-item-is-layout-flow\">\r\n<h3 class=\"wp-block-accordion-heading\"><button aria-controls=\"accordion-item-6-panel\" data-wp-bind--aria-expanded=\"state.isOpen\" data-wp-on--click=\"actions.toggle\" data-wp-on--keydown=\"actions.handleKeyDown\" id=\"accordion-item-6\" class=\"wp-block-accordion-heading__toggle\" type=\"button\"><span class=\"wp-block-accordion-heading__toggle-title\">Quelles sont les options de paiement disponibles ?<\/span><span class=\"wp-block-accordion-heading__toggle-icon\" aria-hidden=\"true\">+<\/span><\/button><\/h3>\r\n\r\n\r\n\r\n<div aria-labelledby=\"accordion-item-6\" data-wp-bind--inert=\"!state.isOpen\" id=\"accordion-item-6-panel\" class=\"wp-block-accordion-panel is-layout-flow wp-block-accordion-panel-is-layout-flow\" role=\"region\">\r\n<p>Vous disposez de trois options de paiement\u00a0: PayPal, carte bancaire et virement bancaire. Important\u00a0: nous exp\u00e9dions votre commande d\u00e8s r\u00e9ception du paiement. Le paiement via PayPal est simple et peut \u00eatre effectu\u00e9 lors de la validation de votre panier. Il en va de m\u00eame pour les paiements par carte bancaire. Ces paiements sont initi\u00e9s via PayPal, mais vous n\u2019avez PAS besoin de compte PayPal\u00a0! Si vous choisissez l\u2019option \u00ab\u00a0Virement bancaire\u00a0\u00bb, vous finalisez votre commande sans effectuer de paiement sur la boutique en ligne. Vous recevrez ensuite une facture par e-mail. L\u2019exp\u00e9dition aura lieu d\u00e8s r\u00e9ception de votre paiement. Veuillez noter que nous ne pouvons r\u00e9server les articles que pendant deux jours.<\/p>\r\n<\/div>\r\n<\/div>\r\n\r\n\r\n\r\n<div data-wp-class--is-open=\"state.isOpen\" data-wp-context=\"{ &quot;id&quot;: &quot;accordion-item-7&quot;, &quot;openByDefault&quot;: false }\" data-wp-init=\"callbacks.initAccordionItems\" data-wp-on-window--hashchange=\"callbacks.hashChange\" class=\"wp-block-accordion-item is-layout-flow wp-block-accordion-item-is-layout-flow\">\r\n<h3 class=\"wp-block-accordion-heading\"><button aria-controls=\"accordion-item-7-panel\" data-wp-bind--aria-expanded=\"state.isOpen\" data-wp-on--click=\"actions.toggle\" data-wp-on--keydown=\"actions.handleKeyDown\" id=\"accordion-item-7\" class=\"wp-block-accordion-heading__toggle\" type=\"button\"><span class=\"wp-block-accordion-heading__toggle-title\">Puis-je retourner la marchandise\u00a0?<\/span><span class=\"wp-block-accordion-heading__toggle-icon\" aria-hidden=\"true\">+<\/span><\/button><\/h3>\r\n\r\n\r\n\r\n<div aria-labelledby=\"accordion-item-7\" data-wp-bind--inert=\"!state.isOpen\" id=\"accordion-item-7-panel\" class=\"wp-block-accordion-panel is-layout-flow wp-block-accordion-panel-is-layout-flow\" role=\"region\">\r\n<p>Ceci est r\u00e9gi par la loi. Vous disposez d\u2019un droit de r\u00e9tractation de 14 jours \u00e0 compter de la date de r\u00e9ception de votre commande. Les frais de retour sont \u00e0 votre charge. Nous vous prions de comprendre que les frais d\u2019exp\u00e9dition pay\u00e9s seront conserv\u00e9s m\u00eame en cas de retour int\u00e9gral des marchandises.<\/p>\r\n<\/div>\r\n<\/div>\r\n\r\n\r\n\r\n<div data-wp-class--is-open=\"state.isOpen\" data-wp-context=\"{ &quot;id&quot;: &quot;accordion-item-8&quot;, &quot;openByDefault&quot;: false }\" data-wp-init=\"callbacks.initAccordionItems\" data-wp-on-window--hashchange=\"callbacks.hashChange\" class=\"wp-block-accordion-item is-layout-flow wp-block-accordion-item-is-layout-flow\">\r\n<h3 class=\"wp-block-accordion-heading\"><button aria-controls=\"accordion-item-8-panel\" data-wp-bind--aria-expanded=\"state.isOpen\" data-wp-on--click=\"actions.toggle\" data-wp-on--keydown=\"actions.handleKeyDown\" id=\"accordion-item-8\" class=\"wp-block-accordion-heading__toggle\" type=\"button\"><span class=\"wp-block-accordion-heading__toggle-title\">Existe-t-il des offres sp\u00e9ciales\u00a0?<\/span><span class=\"wp-block-accordion-heading__toggle-icon\" aria-hidden=\"true\">+<\/span><\/button><\/h3>\r\n\r\n\r\n\r\n<div aria-labelledby=\"accordion-item-8\" data-wp-bind--inert=\"!state.isOpen\" id=\"accordion-item-8-panel\" class=\"wp-block-accordion-panel is-layout-flow wp-block-accordion-panel-is-layout-flow\" role=\"region\">\r\n<p>Notre vente du dimanche a lieu chaque dimanche \u00e0 des dates irr\u00e9guli\u00e8res. Vous y trouverez toujours d\u2019excellentes affaires. Astuce\u00a0: suivez-nous sur Instagram, Facebook ou TikTok pour \u00eatre averti\u00b7e du lancement. La vente du dimanche est tr\u00e8s populaire et les quantit\u00e9s sont limit\u00e9es. D\u00e9couvrez les offres du moment ici\u00a0:<br \/><a href=\"https:\/\/arlette-kaballo-concept-store.com\/produkt-kategorie\/outlet\/\">https:\/\/arlette-kaballo-concept-store.com\/fr\/categorie-de-produits\/outlet-fr\/<\/a><\/p>\r\n<\/div>\r\n<\/div>\r\n\r\n\r\n\r\n<div data-wp-class--is-open=\"state.isOpen\" data-wp-context=\"{ &quot;id&quot;: &quot;accordion-item-9&quot;, &quot;openByDefault&quot;: false }\" data-wp-init=\"callbacks.initAccordionItems\" data-wp-on-window--hashchange=\"callbacks.hashChange\" class=\"wp-block-accordion-item is-layout-flow wp-block-accordion-item-is-layout-flow\">\r\n<h3 class=\"wp-block-accordion-heading\"><button aria-controls=\"accordion-item-9-panel\" data-wp-bind--aria-expanded=\"state.isOpen\" data-wp-on--click=\"actions.toggle\" data-wp-on--keydown=\"actions.handleKeyDown\" id=\"accordion-item-9\" class=\"wp-block-accordion-heading__toggle\" type=\"button\"><span class=\"wp-block-accordion-heading__toggle-title\">Les articles en rupture de stock seront-ils r\u00e9approvisionn\u00e9s\u00a0?<\/span><span class=\"wp-block-accordion-heading__toggle-icon\" aria-hidden=\"true\">+<\/span><\/button><\/h3>\r\n\r\n\r\n\r\n<div aria-labelledby=\"accordion-item-9\" data-wp-bind--inert=\"!state.isOpen\" id=\"accordion-item-9-panel\" class=\"wp-block-accordion-panel is-layout-flow wp-block-accordion-panel-is-layout-flow\" role=\"region\">\r\n<p>C\u2019est tout \u00e0 fait possible. Les articles peuvent \u00eatre retourn\u00e9s et seront ainsi remis en vente. Il nous arrive aussi de r\u00e9approvisionner certains articles. Dans ce cas, vous pouvez vous inscrire pour recevoir un rappel. Il vous suffit d\u2019ouvrir la fiche produit, de s\u00e9lectionner l\u2019option souhait\u00e9e (couleur, style, taille) si n\u00e9cessaire, et de saisir votre adresse e-mail. Si l\u2019article est de nouveau disponible (cela n\u2019est pas garanti), vous recevrez une notification par e-mail. IMPORTANT\u00a0: Compte tenu du nombre important d\u2019inscriptions, inscrivez-vous rapidement pour r\u00e9server l\u2019article\u00a0! Si l\u2019article n\u2019est plus disponible, il vous suffit de vous r\u00e9inscrire.<\/p>\r\n<\/div>\r\n<\/div>\r\n\r\n\r\n\r\n<div data-wp-class--is-open=\"state.isOpen\" data-wp-context=\"{ &quot;id&quot;: &quot;accordion-item-10&quot;, &quot;openByDefault&quot;: false }\" data-wp-init=\"callbacks.initAccordionItems\" data-wp-on-window--hashchange=\"callbacks.hashChange\" class=\"wp-block-accordion-item is-layout-flow wp-block-accordion-item-is-layout-flow\">\r\n<h3 class=\"wp-block-accordion-heading\"><button aria-controls=\"accordion-item-10-panel\" data-wp-bind--aria-expanded=\"state.isOpen\" data-wp-on--click=\"actions.toggle\" data-wp-on--keydown=\"actions.handleKeyDown\" id=\"accordion-item-10\" class=\"wp-block-accordion-heading__toggle\" type=\"button\"><span class=\"wp-block-accordion-heading__toggle-title\">Existe-t-il un moyen de poser des questions pr\u00e9cises ou de laisser des commentaires\u00a0?<\/span><span class=\"wp-block-accordion-heading__toggle-icon\" aria-hidden=\"true\">+<\/span><\/button><\/h3>\r\n\r\n\r\n\r\n<div aria-labelledby=\"accordion-item-10\" data-wp-bind--inert=\"!state.isOpen\" id=\"accordion-item-10-panel\" class=\"wp-block-accordion-panel is-layout-flow wp-block-accordion-panel-is-layout-flow\" role=\"region\">\r\n<p>Oui, bien s\u00fbr. N\u2019h\u00e9sitez pas \u00e0 nous contacter par courriel \u00e0 l\u2019adresse info@arlette-kaballo-shop.com.<\/p>\r\n<p><\/p>\r\n<\/div>\r\n<\/div>\r\n<\/div>\r\n","protected":false},"excerpt":{"rendered":"Comment puis-je passer commande ?+ Les commandes se font exclusivement sur notre boutique en ligne. Nous n'acceptons pas les commandes par t\u00e9l\u00e9phone. Pour commander, il vous suffit de trouver l'article (par exemple, dans la cat\u00e9gorie \u00ab\u00a0Tous les articles\u00a0\u00bb) et de l'ajouter \u00e0 votre panier. Ensuite, proc\u00e9dez au paiement et suivez [...]","protected":false},"author":1,"featured_media":0,"parent":0,"menu_order":0,"comment_status":"closed","ping_status":"closed","template":"","meta":{"_acf_changed":false,"footnotes":""},"class_list":["post-121210","page","type-page","status-publish","hentry"],"acf":[],"_links":{"self":[{"href":"https:\/\/arlette-kaballo-concept-store.com\/fr\/wp-json\/wp\/v2\/pages\/121210","targetHints":{"allow":["GET"]}}],"collection":[{"href":"https:\/\/arlette-kaballo-concept-store.com\/fr\/wp-json\/wp\/v2\/pages"}],"about":[{"href":"https:\/\/arlette-kaballo-concept-store.com\/fr\/wp-json\/wp\/v2\/types\/page"}],"author":[{"embeddable":true,"href":"https:\/\/arlette-kaballo-concept-store.com\/fr\/wp-json\/wp\/v2\/users\/1"}],"replies":[{"embeddable":true,"href":"https:\/\/arlette-kaballo-concept-store.com\/fr\/wp-json\/wp\/v2\/comments?post=121210"}],"version-history":[{"count":8,"href":"https:\/\/arlette-kaballo-concept-store.com\/fr\/wp-json\/wp\/v2\/pages\/121210\/revisions"}],"predecessor-version":[{"id":130198,"href":"https:\/\/arlette-kaballo-concept-store.com\/fr\/wp-json\/wp\/v2\/pages\/121210\/revisions\/130198"}],"wp:attachment":[{"href":"https:\/\/arlette-kaballo-concept-store.com\/fr\/wp-json\/wp\/v2\/media?parent=121210"}],"curies":[{"name":"wp","href":"https:\/\/api.w.org\/{rel}","templated":true}]}}