{"id":59653,"date":"2016-06-06T08:37:32","date_gmt":"2016-06-06T06:37:32","guid":{"rendered":"https:\/\/arlette-kaballo-concept-store.com\/?page_id=59653"},"modified":"2026-04-21T13:56:24","modified_gmt":"2026-04-21T11:56:24","slug":"conditions-generales-de-vente","status":"publish","type":"page","link":"https:\/\/arlette-kaballo-concept-store.com\/fr\/conditions-generales-de-vente\/","title":{"rendered":"Conditions g\u00e9n\u00e9rales de vente"},"content":{"rendered":"<div class=\"wpb-content-wrapper\">[vc_row full_width=\u00a0\u00bbstretch_row\u00a0\u00bb css=\u00a0\u00bb.vc_custom_1467034978748{padding-bottom: 80px !important;background-color: #fafafa !important;}\u00a0\u00bb][vc_column][vc_column_text css=\u00a0\u00bb.vc_custom_1776772581169{padding-bottom: 30px !important;}\u00a0\u00bb]<strong>Conditions g\u00e9n\u00e9rales avec informations client<\/strong><\/p>\n<p>1. Port\u00e9e<br \/>\n2. Offres et descriptions de services<br \/>\n3. Processus de commande et conclusion du contrat<br \/>\n4. Prix et frais de port<br \/>\n5. Livraison, disponibilit\u00e9 des marchandises<br \/>\n6. Modes de paiement<br \/>\n7. R\u00e9serve de propri\u00e9t\u00e9<br \/>\n8. Garantie pour d\u00e9fauts mat\u00e9riels et garantie<br \/>\n9. Responsabilit\u00e9<br \/>\n10. Conservation du texte du contrat<br \/>\n11. For juridique, droit applicable, langue du contrat<\/p>\n<p><em>1. Port\u00e9e<br \/>\n1.1. Pour la relation commerciale entre FamilienCult GmbH &amp; Co. KG, Engerser Str. 12, 56564 Neuwied (ci-apr\u00e8s \u00ab Vendeur \u00bb) et le client (ci-apr\u00e8s \u00ab Client \u00bb), les conditions g\u00e9n\u00e9rales suivantes s&rsquo;appliquent exclusivement dans la version en vigueur \u00e0 ce moment-l\u00e0. de la commande.<br \/>\n1.2. Vous pouvez joindre notre service client pour des questions, r\u00e9clamations et objections du lundi au vendredi de 10h00 \u00e0 18h00 et le samedi de 10h00 \u00e0 16h00 au num\u00e9ro de t\u00e9l\u00e9phone 0160-94483886 et par email \u00e0 info@. arlette-kaballo-shop.com.<br \/>\n1.3. Un consommateur au sens des pr\u00e9sentes conditions g\u00e9n\u00e9rales est toute personne physique qui conclut un acte juridique dans un but qui ne peut \u00eatre attribu\u00e9 principalement \u00e0 son activit\u00e9 commerciale ou professionnelle ind\u00e9pendante (\u00a7 13 BGB).<br \/>\n1.4. Les conditions divergentes du client ne seront reconnues que si le vendeur accepte express\u00e9ment leur validit\u00e9.<\/em><\/p>\n<p><em>2. Offres et descriptions de services<\/em><br \/>\n2.1. La pr\u00e9sentation des produits dans la boutique en ligne ne constitue pas une offre juridiquement contraignante, mais plut\u00f4t une invitation \u00e0 passer une commande. Les descriptions de services dans les catalogues ou sur les sites Internet du vendeur n&rsquo;ont pas le caract\u00e8re d&rsquo;une assurance ou d&rsquo;une garantie.<br \/>\n2.2. Toutes les offres sont valables \u00ab dans la limite des stocks disponibles \u00bb, sauf indication contraire pour les produits. Sinon, des erreurs subsistent.<br \/>\n<em>3. Processus de commande et conclusion du contrat<\/em><br \/>\n3.1. Le client peut s\u00e9lectionner sans engagement des produits de l&rsquo;assortiment du vendeur et les r\u00e9cup\u00e9rer dans un panier \u00e0 l&rsquo;aide du bouton \u00ab Acheter maintenant \u00bb. La s\u00e9lection de produits dans le panier peut \u00eatre modifi\u00e9e, par ex. Le client peut ensuite utiliser le bouton \u00ab\u00a0Commander\u00a0\u00bb dans le panier pour finaliser le processus de commande.<br \/>\n3.2. En cliquant sur le bouton \u00ab\u00a0Commander avec paiement\u00a0\u00bb, le client soumet une demande ferme d&rsquo;achat des marchandises contenues dans le panier. Avant de passer la commande, le client peut \u00e0 tout moment modifier et consulter les donn\u00e9es et utiliser la fonction \u00ab retour \u00bb du navigateur pour revenir au panier ou annuler compl\u00e8tement le processus de commande. Les informations n\u00e9cessaires sont marqu\u00e9es d&rsquo;un ast\u00e9risque (*).<br \/>\n3.3. Le vendeur envoie ensuite au client un accus\u00e9 de r\u00e9ception automatique par email, dans lequel la commande du client est \u00e0 nouveau r\u00e9pertori\u00e9e et que le client peut imprimer gr\u00e2ce \u00e0 la fonction \u00ab Imprimer \u00bb (confirmation de commande). L&rsquo;accus\u00e9 de r\u00e9ception automatique atteste uniquement que la commande du client a \u00e9t\u00e9 re\u00e7ue par le vendeur et ne constitue pas une acceptation de la demande. Le contrat d&rsquo;achat n&rsquo;est conclu que lorsque le vendeur envoie, remet ou fait exp\u00e9dier le produit command\u00e9 au vendeur. client sous 5 jours confirm\u00e9 au client sous 5 jours par un deuxi\u00e8me email, confirmation express de commande ou envoi de la facture.<br \/>\n3.4. Si le vendeur autorise un paiement anticip\u00e9, le contrat est conclu lorsque les coordonn\u00e9es bancaires et la demande de paiement sont fournies. Si le paiement n&rsquo;est pas re\u00e7u par le vendeur dans les 2 jours calendaires suivant l&rsquo;envoi de la confirmation de commande alors qu&rsquo;il est d\u00fb, m\u00eame apr\u00e8s une nouvelle demande, le vendeur r\u00e9silie le contrat, de sorte que la commande n&rsquo;est plus valable et le vendeur n&rsquo;est pas oblig\u00e9 livrer. La commande est alors ex\u00e9cut\u00e9e sans autre cons\u00e9quence pour l&rsquo;acheteur et le vendeur. En cas de paiement anticip\u00e9, l&rsquo;article est r\u00e9serv\u00e9 pendant 2 jours calendaires maximum.<\/p>\n<p><em>4. Prix \u200b\u200bet frais d&rsquo;exp\u00e9dition<\/em><br \/>\n4.1. Tous les prix indiqu\u00e9s sur le site Internet du vendeur incluent la taxe de vente l\u00e9gale applicable.<br \/>\n4.2. En plus des prix indiqu\u00e9s, le vendeur facture des frais de port pour la livraison. Les frais de port seront clairement communiqu\u00e9s \u00e0 l&rsquo;acheteur sur une page d&rsquo;information s\u00e9par\u00e9e et lors du processus de commande.<br \/>\n<em>5. Livraison, disponibilit\u00e9 des marchandises<\/em><br \/>\n5.1. Si un paiement anticip\u00e9 a \u00e9t\u00e9 convenu, la livraison aura lieu apr\u00e8s r\u00e9ception du montant de la facture.<br \/>\n5.2. Si la livraison de la marchandise \u00e9choue du fait de la faute de l&rsquo;acheteur malgr\u00e9 trois tentatives de livraison, le vendeur peut r\u00e9silier le contrat. Tout paiement effectu\u00e9 sera imm\u00e9diatement rembours\u00e9 au client.<br \/>\n5.3. Si le produit command\u00e9 n&rsquo;est pas disponible parce que le vendeur n&rsquo;est pas approvisionn\u00e9 en ce produit par son fournisseur sans que ce soit de sa faute, le vendeur peut r\u00e9silier le contrat. Dans ce cas, le vendeur en informera imm\u00e9diatement le client et, le cas \u00e9ch\u00e9ant, lui proposera la livraison d&rsquo;un produit comparable. Si aucun produit comparable n&rsquo;est disponible ou si le client ne demande pas la livraison d&rsquo;un produit comparable, le vendeur remboursera imm\u00e9diatement le client de toute contrepartie d\u00e9j\u00e0 vers\u00e9e.<br \/>\n5.4. Les clients seront inform\u00e9s des d\u00e9lais de livraison et des restrictions de livraison (par exemple, limitation des livraisons dans certains pays) sur une page d&rsquo;information s\u00e9par\u00e9e ou dans la description du produit concern\u00e9.<\/p>\n<p><em>6. Modes de paiement<\/em><br \/>\n6.1. Le client peut choisir parmi les modes de paiement disponibles dans le cadre et avant de finaliser le processus de commande. Les clients sont inform\u00e9s des modes de paiement disponibles sur une page d&rsquo;information s\u00e9par\u00e9e.<br \/>\n6.2. Si le paiement sur facture est possible, le paiement doit \u00eatre effectu\u00e9 dans les 30 jours suivant la r\u00e9ception de la marchandise et de la facture. Pour tous les autres modes de paiement, le paiement doit \u00eatre effectu\u00e9 \u00e0 l\u2019avance sans d\u00e9duction.<br \/>\n6.3. Si des prestataires tiers sont charg\u00e9s du traitement des paiements, par exemple Paypal, leurs conditions g\u00e9n\u00e9rales s&rsquo;appliquent.<br \/>\n6.4. Si la date d&rsquo;\u00e9ch\u00e9ance du paiement est d\u00e9termin\u00e9e selon le calendrier, le client est d\u00e9j\u00e0 en demeure en ne respectant pas le d\u00e9lai. Dans ce cas, le client doit payer les int\u00e9r\u00eats moratoires l\u00e9gaux.<br \/>\n6.5. L&rsquo;obligation du client de payer des int\u00e9r\u00eats moratoires n&#8217;emp\u00eache pas le vendeur de r\u00e9clamer des dommages et int\u00e9r\u00eats suppl\u00e9mentaires en raison du retard.<br \/>\n6.6. Le client n&rsquo;a droit \u00e0 compensation que si ses contre-pr\u00e9tentions ont \u00e9t\u00e9 l\u00e9galement \u00e9tablies ou reconnues par le vendeur. Le client ne peut exercer un droit de r\u00e9tention que si les cr\u00e9ances r\u00e9sultent de la m\u00eame relation contractuelle.<br \/>\n<span class=\"--l --r sentence_highlight\">7. r\u00e9serve de propri\u00e9t\u00e9<br \/>\n<\/span><span class=\"--l --r sentence_highlight\">Les marchandises livr\u00e9es restent la propri\u00e9t\u00e9 du vendeur jusqu&rsquo;\u00e0 leur paiement int\u00e9gral.<\/span><em>8. Garantie pour d\u00e9fauts mat\u00e9riels et garantie<\/em><br \/>\n8.1. La responsabilit\u00e9 l\u00e9gale pour les d\u00e9fauts s&rsquo;applique, sauf si les r\u00e9glementations suivantes s&rsquo;en \u00e9cartent.<br \/>\n8.2. Les dommages caus\u00e9s par des mesures inappropri\u00e9es ou non conformes de la part du client ne constituent pas une r\u00e9clamation contre le vendeur.<br \/>\n8.3. Les droits pour d\u00e9fauts mat\u00e9riels n&rsquo;existent qu&rsquo;en cas de d\u00e9fauts non n\u00e9gligeables. Les \u00e9carts habituels ou mineurs techniquement in\u00e9vitables en mati\u00e8re de qualit\u00e9, de couleurs, de designs, de coupe et d&rsquo;\u00e9quipement ne sont pas consid\u00e9r\u00e9s comme des d\u00e9fauts.<br \/>\n8.4. FamilienCult produit des v\u00eatements avant-gardistes et tr\u00e8s mode. Il est possible que les coupes s\u00e9lectionn\u00e9es (par exemple la longueur des manches, la largeur des manches, l&rsquo;aspect volontairement us\u00e9, les ourlets) et les mat\u00e9riaux (par exemple la destruction partielle intentionnelle) ne correspondent pas aux sp\u00e9cifications conventionnelles de l&rsquo;industrie textile. De tels \u00e9l\u00e9ments stylistiques d\u00e9lib\u00e9r\u00e9s ne constituent pas un d\u00e9faut.<br \/>\n8.5. En cas de d\u00e9fauts \u00e9vidents et de dommages dus au transport, le client est pri\u00e9 de les signaler imm\u00e9diatement au vendeur. Cela permet au vendeur de faire valoir plus facilement d&rsquo;autres r\u00e9clamations contre les fournisseurs et les transporteurs. Si le client est un consommateur, le fait de ne pas le faire n\u2019aura aucun impact sur ses demandes de garantie.<\/p>\n<p><em>9. Responsabilit\u00e9<br \/>\n9.1. Les exclusions et limitations de responsabilit\u00e9 suivantes s&rsquo;appliquent \u00e0 la responsabilit\u00e9 du vendeur en cas de dommages, sans pr\u00e9judice des autres exigences l\u00e9gales en mati\u00e8re de r\u00e9clamation.<br \/>\n9.2. Le vendeur est responsable sans limitation si la cause du dommage est due \u00e0 une intention intentionnelle ou \u00e0 une n\u00e9gligence grave.<br \/>\n9.3. En outre, le vendeur est responsable de la violation par n\u00e9gligence l\u00e9g\u00e8re d&rsquo;obligations essentielles, dont la violation met en danger la r\u00e9alisation de l&rsquo;objet du contrat, ou de la violation d&rsquo;obligations dont l&rsquo;ex\u00e9cution permet en premier lieu et en premier lieu la bonne ex\u00e9cution du contrat. dont le client compte r\u00e9guli\u00e8rement sur la conformit\u00e9. Dans ce cas, le vendeur n&rsquo;est toutefois responsable que des dommages pr\u00e9visibles et typiques du contrat. Le vendeur n&rsquo;est pas responsable de la violation par n\u00e9gligence l\u00e9g\u00e8re d&rsquo;obligations autres que celles mentionn\u00e9es dans les phrases pr\u00e9c\u00e9dentes.<\/em><\/p>\n<p>9.4. Les limitations de responsabilit\u00e9 ci-dessus ne s&rsquo;appliquent pas en cas d&rsquo;atteinte \u00e0 la vie, au corps ou \u00e0 la sant\u00e9, pour un d\u00e9faut apr\u00e8s qu&rsquo;une garantie a \u00e9t\u00e9 donn\u00e9e pour la qualit\u00e9 du produit et pour des d\u00e9fauts frauduleusement dissimul\u00e9s. La responsabilit\u00e9 en vertu de la loi sur la responsabilit\u00e9 du fait des produits n&rsquo;est pas affect\u00e9e.<br \/>\n9.5. Dans la mesure o\u00f9 la responsabilit\u00e9 du vendeur est exclue ou limit\u00e9e, cela s&rsquo;applique \u00e9galement \u00e0 la responsabilit\u00e9 personnelle des employ\u00e9s, repr\u00e9sentants et agents d&rsquo;ex\u00e9cution.<\/p>\n<p><em>10. Conservation du texte du contrat<\/em><br \/>\n10.1. Le client peut imprimer le texte du contrat avant de soumettre la commande au vendeur en utilisant la fonction d&rsquo;impression de son navigateur lors de la derni\u00e8re \u00e9tape de la commande.<br \/>\n10.2. Le vendeur envoie \u00e9galement au client une confirmation de commande avec tous les d\u00e9tails de la commande \u00e0 l&rsquo;adresse email qu&rsquo;il a fournie. Avec la confirmation de commande, le client re\u00e7oit \u00e9galement une copie des conditions g\u00e9n\u00e9rales ainsi que des instructions d&rsquo;annulation et des informations sur les frais d&rsquo;exp\u00e9dition ainsi que les conditions de livraison et de paiement. Si vous \u00eates inscrit dans notre boutique, vous pouvez consulter les commandes que vous avez pass\u00e9es dans votre espace profil. De plus, nous stockons le texte du contrat, mais ne le rendons pas accessible sur Internet.<\/p>\n<p><em>11. Dispositions finales<br \/>\n11.1. Le for juridique et lieu d&rsquo;ex\u00e9cution est le si\u00e8ge social du vendeur si le client est un commer\u00e7ant, une personne morale de droit public ou un fonds sp\u00e9cial de droit public.<br \/>\n11.2. La langue du contrat est l&rsquo;allemand.<br \/>\n11.3. Plateforme de la Commission europ\u00e9enne pour la r\u00e9solution des litiges en ligne (OS) pour les consommateurs\u00a0: http:\/\/ec.europa.eu\/consumers\/odr\/. Nous ne sommes ni dispos\u00e9s ni oblig\u00e9s de participer \u00e0 une proc\u00e9dure de r\u00e8glement des litiges devant un conseil d&rsquo;arbitrage des consommateurs. Le droit de la R\u00e9publique f\u00e9d\u00e9rale d&rsquo;Allemagne s&rsquo;applique \u00e0 la conclusion et \u00e0 l&rsquo;ex\u00e9cution des contrats. La validit\u00e9 de la Convention des Nations Unies sur les contrats de vente internationale de marchandises est exclue.<\/em>[\/vc_column_text][\/vc_column][\/vc_row][vc_row][vc_column][vc_column_text][\/vc_column_text][\/vc_column][\/vc_row]\n<\/div>","protected":false},"excerpt":{"rendered":"<p>[vc_row full_width=\u00a0\u00bbstretch_row\u00a0\u00bb css=\u00a0\u00bb.vc_custom_1467034978748{padding-bottom: 80px !important;background-color: #fafafa !important;}\u00a0\u00bb][vc_column][vc_column_text css=\u00a0\u00bb.vc_custom_1776772581169{padding-bottom: 30px !important;}\u00a0\u00bb]Conditions g\u00e9n\u00e9rales avec informations client 1. Port\u00e9e 2. Offres et descriptions de services 3. Processus de commande et conclusion du contrat 4. Prix et frais de port 5. Livraison, disponibilit\u00e9 des marchandises 6. Modes de paiement 7. R\u00e9serve de propri\u00e9t\u00e9 8. [&hellip;]<\/p>\n","protected":false},"author":1,"featured_media":0,"parent":0,"menu_order":0,"comment_status":"closed","ping_status":"open","template":"","meta":{"_acf_changed":false,"footnotes":""},"class_list":["post-59653","page","type-page","status-publish","hentry"],"acf":[],"_links":{"self":[{"href":"https:\/\/arlette-kaballo-concept-store.com\/fr\/wp-json\/wp\/v2\/pages\/59653","targetHints":{"allow":["GET"]}}],"collection":[{"href":"https:\/\/arlette-kaballo-concept-store.com\/fr\/wp-json\/wp\/v2\/pages"}],"about":[{"href":"https:\/\/arlette-kaballo-concept-store.com\/fr\/wp-json\/wp\/v2\/types\/page"}],"author":[{"embeddable":true,"href":"https:\/\/arlette-kaballo-concept-store.com\/fr\/wp-json\/wp\/v2\/users\/1"}],"replies":[{"embeddable":true,"href":"https:\/\/arlette-kaballo-concept-store.com\/fr\/wp-json\/wp\/v2\/comments?post=59653"}],"version-history":[{"count":5,"href":"https:\/\/arlette-kaballo-concept-store.com\/fr\/wp-json\/wp\/v2\/pages\/59653\/revisions"}],"predecessor-version":[{"id":130203,"href":"https:\/\/arlette-kaballo-concept-store.com\/fr\/wp-json\/wp\/v2\/pages\/59653\/revisions\/130203"}],"wp:attachment":[{"href":"https:\/\/arlette-kaballo-concept-store.com\/fr\/wp-json\/wp\/v2\/media?parent=59653"}],"curies":[{"name":"wp","href":"https:\/\/api.w.org\/{rel}","templated":true}]}}