{"id":59655,"date":"2017-05-22T15:05:57","date_gmt":"2017-05-22T13:05:57","guid":{"rendered":"https:\/\/arlette-kaballo-concept-store.com\/?page_id=59655"},"modified":"2024-06-20T14:14:13","modified_gmt":"2024-06-20T12:14:13","slug":"mentions-legales","status":"publish","type":"page","link":"https:\/\/arlette-kaballo-concept-store.com\/fr\/mentions-legales\/","title":{"rendered":"Mentions l\u00e9gales"},"content":{"rendered":"<div class=\"wpb-content-wrapper\">[vc_row][vc_column][vc_column_text]familienCult GmbH &#038; Co. KG<br \/>\nEngerser Stra\u00dfe 21 | 56564 Neuwied<br \/>\nHRA n\u00b0 21026, AG Montabaur<\/p>\n<p><strong><em>Adresse de retour pour les retours<br \/>\nArlette Moden<br \/>\nAm Plan 24<br \/>\n56068 Koblenz<\/em><\/strong><\/p>\n<p>Partenaire personnellement responsable\u00a0:<br \/>\nfamilienCult GmbH<br \/>\nHRB n\u00b0 22401, AG Montabaur<\/p>\n<p>Direction : Arlette Kaballo-Rebhuhn, J\u00f6rg Rebhuhn, Dominik Kaballo<\/p>\n<p>Num\u00e9ro de t\u00e9l\u00e9phone : +49(0)2631\/946666<br \/>\nNum\u00e9ro de fax : +49(0)2631\/946667<br \/>\nAdresse e-mail\u00a0: <a href=\"mailto:info@familiencult.com\">info@familiencult.com<\/a><\/p>\n<p>Tribunal d&rsquo;enregistrement et num\u00e9ro d&rsquo;enregistrement : HRB n\u00b0 22401, AG Montabaur<\/p>\n<p>Num\u00e9ro d&rsquo;identification TVA : DE266022876<\/p>\n<p>Plateforme de la Commission europ\u00e9enne pour la r\u00e9solution des litiges en ligne (OS) pour les consommateurs\u00a0: http:\/\/ec.europa.eu\/consumers\/odr\/. Nous ne sommes ni dispos\u00e9s ni oblig\u00e9s de participer \u00e0 une proc\u00e9dure de r\u00e8glement des litiges devant un conseil d&rsquo;arbitrage des consommateurs.[\/vc_column_text][\/vc_column][\/vc_row]\n<\/div>","protected":false},"excerpt":{"rendered":"<p>[vc_row][vc_column][vc_column_text]familienCult GmbH &#038; Co. KG Engerser Stra\u00dfe 21 | 56564 Neuwied HRA n\u00b0 21026, AG Montabaur Adresse de retour pour les retours Arlette Moden Am Plan 24 56068 Koblenz Partenaire personnellement responsable\u00a0: familienCult GmbH HRB n\u00b0 22401, AG Montabaur Direction : Arlette Kaballo-Rebhuhn, J\u00f6rg Rebhuhn, Dominik Kaballo Num\u00e9ro de t\u00e9l\u00e9phone [&hellip;]<\/p>\n","protected":false},"author":1,"featured_media":0,"parent":0,"menu_order":0,"comment_status":"closed","ping_status":"closed","template":"","meta":{"_acf_changed":false,"footnotes":""},"class_list":["post-59655","page","type-page","status-publish","hentry"],"acf":[],"_links":{"self":[{"href":"https:\/\/arlette-kaballo-concept-store.com\/fr\/wp-json\/wp\/v2\/pages\/59655","targetHints":{"allow":["GET"]}}],"collection":[{"href":"https:\/\/arlette-kaballo-concept-store.com\/fr\/wp-json\/wp\/v2\/pages"}],"about":[{"href":"https:\/\/arlette-kaballo-concept-store.com\/fr\/wp-json\/wp\/v2\/types\/page"}],"author":[{"embeddable":true,"href":"https:\/\/arlette-kaballo-concept-store.com\/fr\/wp-json\/wp\/v2\/users\/1"}],"replies":[{"embeddable":true,"href":"https:\/\/arlette-kaballo-concept-store.com\/fr\/wp-json\/wp\/v2\/comments?post=59655"}],"version-history":[{"count":4,"href":"https:\/\/arlette-kaballo-concept-store.com\/fr\/wp-json\/wp\/v2\/pages\/59655\/revisions"}],"predecessor-version":[{"id":60114,"href":"https:\/\/arlette-kaballo-concept-store.com\/fr\/wp-json\/wp\/v2\/pages\/59655\/revisions\/60114"}],"wp:attachment":[{"href":"https:\/\/arlette-kaballo-concept-store.com\/fr\/wp-json\/wp\/v2\/media?parent=59655"}],"curies":[{"name":"wp","href":"https:\/\/api.w.org\/{rel}","templated":true}]}}