{"id":59658,"date":"2017-05-22T15:05:57","date_gmt":"2017-05-22T13:05:57","guid":{"rendered":"https:\/\/arlette-kaballo-concept-store.com\/?page_id=59658"},"modified":"2024-07-16T10:21:25","modified_gmt":"2024-07-16T08:21:25","slug":"expedition-livraison","status":"publish","type":"page","link":"https:\/\/arlette-kaballo-concept-store.com\/fr\/expedition-livraison\/","title":{"rendered":"Exp\u00e9dition &#038; livraison"},"content":{"rendered":"<div class=\"wpb-content-wrapper\">[vc_row][vc_column][vc_empty_space height=\u00a0\u00bb169px\u00a0\u00bb][\/vc_column][\/vc_row][vc_row][vc_column][vc_column_text css=\u00a0\u00bb\u00a0\u00bb]<strong>Prix, frais d&rsquo;exp\u00e9dition et informations de livraison<\/strong><\/p>\n<p>Les prix indiqu\u00e9s sur les pages produits incluent la TVA l\u00e9gale et d&rsquo;autres \u00e9l\u00e9ments de prix.<\/p>\n<p>Nous livrons en Allemagne, en Belgique, au Luxembourg, aux Pays-Bas, en France, en Autriche, en Italie et en Suisse.<\/p>\n<p>En plus des prix indiqu\u00e9s, nous facturons 4,90 euros par commande pour une livraison en Allemagne. POUR UNE COMMANDE D&rsquo;UNE VALEUR SUP\u00c9RIEURE \u00c0 80 EUR, NOUS NE FACTURONS PAS DE FRAIS D&rsquo;EXP\u00c9DITION POUR L&rsquo;EXP\u00c9DITION NATIONALE. En Belgique, au Luxembourg, aux Pays-Bas et en Autriche, nous facturons un forfait de 8,90 euros par commande. En Italie, nous facturons un forfait de 15,00 euros par commande. Les frais de port vous seront clairement communiqu\u00e9s dans le syst\u00e8me de panier et sur la page de commande. Les frais d&rsquo;exp\u00e9dition incluent la TVA l\u00e9gale.<\/p>\n<p><strong><em>Adresse de retour<br \/>\nArlette Moden<\/em><\/strong><strong><em><br \/>\nAm Plan 24<br \/>\n56068 Koblenz<\/em><\/strong>.[\/vc_column_text][\/vc_column][\/vc_row][vc_row][vc_column][vc_column_text]\n[\/vc_column_text][\/vc_column][\/vc_row]\n<\/div>","protected":false},"excerpt":{"rendered":"<p>[vc_row][vc_column][vc_empty_space height=\u00a0\u00bb169px\u00a0\u00bb][\/vc_column][\/vc_row][vc_row][vc_column][vc_column_text css=\u00a0\u00bb\u00a0\u00bb]Prix, frais d&rsquo;exp\u00e9dition et informations de livraison Les prix indiqu\u00e9s sur les pages produits incluent la TVA l\u00e9gale et d&rsquo;autres \u00e9l\u00e9ments de prix. Nous livrons en Allemagne, en Belgique, au Luxembourg, aux Pays-Bas, en France, en Autriche, en Italie et en Suisse. En plus des prix indiqu\u00e9s, nous [&hellip;]<\/p>\n","protected":false},"author":1,"featured_media":0,"parent":0,"menu_order":0,"comment_status":"closed","ping_status":"closed","template":"","meta":{"_acf_changed":false,"footnotes":""},"class_list":["post-59658","page","type-page","status-publish","hentry"],"acf":[],"_links":{"self":[{"href":"https:\/\/arlette-kaballo-concept-store.com\/fr\/wp-json\/wp\/v2\/pages\/59658","targetHints":{"allow":["GET"]}}],"collection":[{"href":"https:\/\/arlette-kaballo-concept-store.com\/fr\/wp-json\/wp\/v2\/pages"}],"about":[{"href":"https:\/\/arlette-kaballo-concept-store.com\/fr\/wp-json\/wp\/v2\/types\/page"}],"author":[{"embeddable":true,"href":"https:\/\/arlette-kaballo-concept-store.com\/fr\/wp-json\/wp\/v2\/users\/1"}],"replies":[{"embeddable":true,"href":"https:\/\/arlette-kaballo-concept-store.com\/fr\/wp-json\/wp\/v2\/comments?post=59658"}],"version-history":[{"count":8,"href":"https:\/\/arlette-kaballo-concept-store.com\/fr\/wp-json\/wp\/v2\/pages\/59658\/revisions"}],"predecessor-version":[{"id":61670,"href":"https:\/\/arlette-kaballo-concept-store.com\/fr\/wp-json\/wp\/v2\/pages\/59658\/revisions\/61670"}],"wp:attachment":[{"href":"https:\/\/arlette-kaballo-concept-store.com\/fr\/wp-json\/wp\/v2\/media?parent=59658"}],"curies":[{"name":"wp","href":"https:\/\/api.w.org\/{rel}","templated":true}]}}