{"id":59660,"date":"2017-05-22T15:05:58","date_gmt":"2017-05-22T13:05:58","guid":{"rendered":"https:\/\/arlette-kaballo-concept-store.com\/?page_id=59660"},"modified":"2024-06-20T14:12:36","modified_gmt":"2024-06-20T12:12:36","slug":"revocation","status":"publish","type":"page","link":"https:\/\/arlette-kaballo-concept-store.com\/fr\/revocation\/","title":{"rendered":"R\u00e9vocation"},"content":{"rendered":"<div class=\"wpb-content-wrapper\">[vc_row][vc_column][vc_column_text]<em>Information sur la r\u00e9vocation<\/em><br \/>\nLe consommateur est toute personne physique qui conclut un acte juridique \u00e0 des fins qui, pour l&rsquo;essentiel, ne peuvent \u00eatre imput\u00e9es ni \u00e0 son activit\u00e9 commerciale ni \u00e0 son activit\u00e9 professionnelle ind\u00e9pendante.<\/p>\n<p><em>Droit de r\u00e9tractation<\/em><br \/>\nVous avez le droit de vous r\u00e9tracter du pr\u00e9sent contrat sans donner de motif dans un d\u00e9lai de quatorze jours. Le d\u00e9lai de r\u00e9tractation est de quatorze jours \u00e0 compter du jour o\u00f9 vous, ou un tiers autre que le transporteur et d\u00e9sign\u00e9 par vous, avez pris possession des biens. Pour exercer votre droit de r\u00e9tractation, vous devez nous contacter (familienCult GmbH &#038; Co. KG, Engerser Str. 21, 56564 Neuwied, 02631-946666, info@arlette-kaballo-shop.com) au moyen d&rsquo;une d\u00e9claration sans \u00e9quivoque (p. ex. lettre envoy\u00e9e par la poste, t\u00e9l\u00e9copie ou courriel) de votre d\u00e9cision de r\u00e9voquer le pr\u00e9sent contrat. Pour ce faire, vous pouvez utiliser le mod\u00e8le de formulaire de r\u00e9tractation ci-joint, qui n&rsquo;est toutefois pas obligatoire. Pour que le d\u00e9lai de r\u00e9tractation soit respect\u00e9, il suffit que vous envoyiez la communication relative \u00e0 l&rsquo;exercice du droit de r\u00e9tractation avant l&rsquo;expiration du d\u00e9lai de r\u00e9tractation.<\/p>\n<p><em>Cons\u00e9quences de la r\u00e9tractation<\/em><br \/>\nEn cas de r\u00e9tractation du pr\u00e9sent contrat, nous vous rembourserons les paiements re\u00e7us de vous, \u00e0 l&rsquo;exclusion des frais de livraison, sans retard excessif et au plus tard quatorze jours \u00e0 compter de la date \u00e0 laquelle nous sommes inform\u00e9s de votre d\u00e9cision de r\u00e9tractation du pr\u00e9sent contrat. Nous effectuons ce remboursement en utilisant le m\u00eame moyen de paiement que celui que vous avez utilis\u00e9 pour la transaction initiale, sauf si nous avons express\u00e9ment convenu d&rsquo;autres modalit\u00e9s avec vous ; en aucun cas, nous ne vous facturons de frais pour ce remboursement. Nous pouvons refuser le remboursement jusqu&rsquo;\u00e0 ce que nous ayons r\u00e9cup\u00e9r\u00e9 les marchandises ou jusqu&rsquo;\u00e0 ce que vous ayez fourni la preuve que vous avez renvoy\u00e9 les marchandises, la date retenue \u00e9tant celle du premier de ces faits. Vous devez nous renvoyer ou nous remettre les biens sans retard excessif et, en tout \u00e9tat de cause, au plus tard quatorze jours \u00e0 compter du jour o\u00f9 vous nous informez de votre d\u00e9cision de r\u00e9tractation du pr\u00e9sent contrat. Le d\u00e9lai est respect\u00e9 si vous renvoyez les marchandises avant l&rsquo;expiration du d\u00e9lai de quatorze jours.<br \/>\nLes frais directs de renvoi des marchandises sont \u00e0 votre charge.<br \/>\nVous ne devez prendre en charge une \u00e9ventuelle perte de valeur des marchandises que si cette perte de valeur est due \u00e0 une manipulation non n\u00e9cessaire pour v\u00e9rifier la nature, les caract\u00e9ristiques et le fonctionnement des marchandises.<\/p>\n<p><em>Exemple de formulaire d&rsquo;annulation<\/em><br \/>\n(Si vous souhaitez annuler le contrat, veuillez remplir ce formulaire et le renvoyer.)<br \/>\n&#8211; \u00c0 familienCult GmbH &#038; Co. KG, Engerser Str. 21, 56564 Neuwied, info@arlette-kaballo-shop.com :<br \/>\n&#8211; Je\/nous (*) r\u00e9voquons par la pr\u00e9sente le contrat conclu par moi\/nous (*) pour l&rsquo;achat des marchandises suivantes (*)<br \/>\n&#8211; Command\u00e9 le (*)\/re\u00e7u le (*)<br \/>\n&#8211; Nom du ou des consommateurs<br \/>\n&#8211; Adresse du ou des consommateurs<br \/>\n&#8211; Signature du ou des consommateurs (uniquement pour la notification papier)<br \/>\n&#8211; Date<br \/>\n&#8212;&#8212;&#8212;&#8212;&#8212;&#8212;&#8212;&#8212;&#8212;&#8212;&#8212;&#8212;&#8211;<br \/>\n(*) Supprimer ce qui n&rsquo;est pas applicable.<\/p>\n<p><em>Adresse de retour<br \/>\nArlette Moden<br \/>\n\u00c0 l&rsquo;horaire 24<br \/>\n56068 Coblence<\/em>[\/vc_column_text][\/vc_column][\/vc_row]\n<\/div>","protected":false},"excerpt":{"rendered":"<p>[vc_row][vc_column][vc_column_text]Information sur la r\u00e9vocation Le consommateur est toute personne physique qui conclut un acte juridique \u00e0 des fins qui, pour l&rsquo;essentiel, ne peuvent \u00eatre imput\u00e9es ni \u00e0 son activit\u00e9 commerciale ni \u00e0 son activit\u00e9 professionnelle ind\u00e9pendante. Droit de r\u00e9tractation Vous avez le droit de vous r\u00e9tracter du pr\u00e9sent contrat sans [&hellip;]<\/p>\n","protected":false},"author":1,"featured_media":0,"parent":0,"menu_order":0,"comment_status":"closed","ping_status":"closed","template":"","meta":{"_acf_changed":false,"footnotes":""},"class_list":["post-59660","page","type-page","status-publish","hentry"],"acf":[],"_links":{"self":[{"href":"https:\/\/arlette-kaballo-concept-store.com\/fr\/wp-json\/wp\/v2\/pages\/59660","targetHints":{"allow":["GET"]}}],"collection":[{"href":"https:\/\/arlette-kaballo-concept-store.com\/fr\/wp-json\/wp\/v2\/pages"}],"about":[{"href":"https:\/\/arlette-kaballo-concept-store.com\/fr\/wp-json\/wp\/v2\/types\/page"}],"author":[{"embeddable":true,"href":"https:\/\/arlette-kaballo-concept-store.com\/fr\/wp-json\/wp\/v2\/users\/1"}],"replies":[{"embeddable":true,"href":"https:\/\/arlette-kaballo-concept-store.com\/fr\/wp-json\/wp\/v2\/comments?post=59660"}],"version-history":[{"count":4,"href":"https:\/\/arlette-kaballo-concept-store.com\/fr\/wp-json\/wp\/v2\/pages\/59660\/revisions"}],"predecessor-version":[{"id":60106,"href":"https:\/\/arlette-kaballo-concept-store.com\/fr\/wp-json\/wp\/v2\/pages\/59660\/revisions\/60106"}],"wp:attachment":[{"href":"https:\/\/arlette-kaballo-concept-store.com\/fr\/wp-json\/wp\/v2\/media?parent=59660"}],"curies":[{"name":"wp","href":"https:\/\/api.w.org\/{rel}","templated":true}]}}