{"id":59662,"date":"2017-05-22T15:05:59","date_gmt":"2017-05-22T13:05:59","guid":{"rendered":"https:\/\/arlette-kaballo-concept-store.com\/?page_id=59662"},"modified":"2024-06-20T14:13:26","modified_gmt":"2024-06-20T12:13:26","slug":"modes-de-paiement","status":"publish","type":"page","link":"https:\/\/arlette-kaballo-concept-store.com\/fr\/modes-de-paiement\/","title":{"rendered":"Modes de paiement"},"content":{"rendered":"<div class=\"wpb-content-wrapper\">[vc_row][vc_column][vc_column_text css=\u00a0\u00bb\u00a0\u00bb]<strong>Modes de paiement<\/strong><\/p>\n<p>Nous proposons les m\u00e9thodes de paiement suivantes. Choisissez simplement le mode de paiement qui vous convient le mieux. Les frais de port d\u00e9pendent en partie du mode de paiement choisi. Les prix indiqu\u00e9s dans les offres respectives repr\u00e9sentent les prix finaux. Ils incluent tous les \u00e9l\u00e9ments de prix, y compris les \u00e9ventuelles taxes applicables telles que la TVA. Uniquement en cas de livraison transfrontali\u00e8re, des taxes suppl\u00e9mentaires (par exemple dans le cas d&rsquo;un achat intracommunautaire) et\/ou des droits (par exemple des droits de douane) peuvent devoir \u00eatre pay\u00e9s par vous dans des cas individuels, mais pas par le vendeur, mais aux autorit\u00e9s douani\u00e8res ou fiscales comp\u00e9tentes. Les frais de livraison et d&rsquo;exp\u00e9dition occasionn\u00e9s ne sont pas inclus dans le prix d&rsquo;achat ; ils sont accessibles via la page \u00ab Livraison &#038; Livraison \u00bb, sont indiqu\u00e9s s\u00e9par\u00e9ment lors du processus de commande et sont \u00e0 votre charge en suppl\u00e9ment.<\/p>\n<p><em><\/em><\/p>\n<p><em>Carte de cr\u00e9dit<br \/>\n<\/em>Payez facilement par carte de cr\u00e9dit.<\/p>\n<p><em>PayPal<br \/>\n<\/em>Payez encore plus rapidement et en toute s\u00e9curit\u00e9 avec votre compte PayPal.<\/p>\n<p><em>Virement bancaire<br \/>\n<\/em>Veuillez transf\u00e9rer le montant total de votre commande sur notre compte\u00a0:<\/p>\n<p>Titulaire du compte : familienCult GmbH &#038; Co. KG<br \/>\nIBAN\u00a0: DE20 5745 0120 0030 2097 12<br \/>\nBIC : MALADE51NWD<\/p>\n[\/vc_column_text][\/vc_column][\/vc_row]\n<\/div>","protected":false},"excerpt":{"rendered":"<p>[vc_row][vc_column][vc_column_text css=\u00a0\u00bb\u00a0\u00bb]Modes de paiement Nous proposons les m\u00e9thodes de paiement suivantes. Choisissez simplement le mode de paiement qui vous convient le mieux. Les frais de port d\u00e9pendent en partie du mode de paiement choisi. Les prix indiqu\u00e9s dans les offres respectives repr\u00e9sentent les prix finaux. Ils incluent tous les \u00e9l\u00e9ments [&hellip;]<\/p>\n","protected":false},"author":1,"featured_media":0,"parent":0,"menu_order":0,"comment_status":"closed","ping_status":"closed","template":"","meta":{"_acf_changed":false,"footnotes":""},"class_list":["post-59662","page","type-page","status-publish","hentry"],"acf":[],"_links":{"self":[{"href":"https:\/\/arlette-kaballo-concept-store.com\/fr\/wp-json\/wp\/v2\/pages\/59662","targetHints":{"allow":["GET"]}}],"collection":[{"href":"https:\/\/arlette-kaballo-concept-store.com\/fr\/wp-json\/wp\/v2\/pages"}],"about":[{"href":"https:\/\/arlette-kaballo-concept-store.com\/fr\/wp-json\/wp\/v2\/types\/page"}],"author":[{"embeddable":true,"href":"https:\/\/arlette-kaballo-concept-store.com\/fr\/wp-json\/wp\/v2\/users\/1"}],"replies":[{"embeddable":true,"href":"https:\/\/arlette-kaballo-concept-store.com\/fr\/wp-json\/wp\/v2\/comments?post=59662"}],"version-history":[{"count":3,"href":"https:\/\/arlette-kaballo-concept-store.com\/fr\/wp-json\/wp\/v2\/pages\/59662\/revisions"}],"predecessor-version":[{"id":60112,"href":"https:\/\/arlette-kaballo-concept-store.com\/fr\/wp-json\/wp\/v2\/pages\/59662\/revisions\/60112"}],"wp:attachment":[{"href":"https:\/\/arlette-kaballo-concept-store.com\/fr\/wp-json\/wp\/v2\/media?parent=59662"}],"curies":[{"name":"wp","href":"https:\/\/api.w.org\/{rel}","templated":true}]}}