{"id":102574,"date":"2025-10-12T20:15:26","date_gmt":"2025-10-12T18:15:26","guid":{"rendered":"https:\/\/arlette-kaballo-concept-store.com\/?post_type=product&#038;p=102574"},"modified":"2025-10-12T20:15:26","modified_gmt":"2025-10-12T18:15:26","slug":"anzug-pinkcom","status":"publish","type":"product","link":"https:\/\/arlette-kaballo-concept-store.com\/fr\/produit\/anzug-pinkcom\/","title":{"rendered":"Anzug PinkCom"},"content":{"rendered":"<p>Onesize &#8211; Taille 36 &#8211; 42 36 &#8211; 42<\/p>\n<p>Haut: taille de poitrine = 65 cm \/ longueur = 62 cm<\/p>\n<p>Pantalon: Ceinture = 33 &#8211; 44 cm \/ longueur = 107 cm<\/p>\n","protected":false},"excerpt":{"rendered":"<p>Ensemble deux pi\u00e8ces compos\u00e9 d&rsquo;un pantalon large \u00e0 enfiler avec bandes lat\u00e9rales et d&rsquo;un pull style bande dessin\u00e9e. Le pull est \u00e9galement disponible s\u00e9par\u00e9ment en turquoise. <\/p>\n","protected":false},"featured_media":102512,"comment_status":"closed","ping_status":"closed","template":"","meta":{"_acf_changed":false},"product_brand":[],"product_cat":[404,715],"product_tag":[],"class_list":{"0":"post-102574","1":"product","2":"type-product","3":"status-publish","4":"has-post-thumbnail","6":"product_cat-fashion-fr","7":"product_cat-robes-costumes","9":"first","10":"instock","11":"taxable","12":"shipping-taxable","13":"purchasable","14":"product-type-simple"},"acf":[],"_links":{"self":[{"href":"https:\/\/arlette-kaballo-concept-store.com\/fr\/wp-json\/wp\/v2\/product\/102574","targetHints":{"allow":["GET"]}}],"collection":[{"href":"https:\/\/arlette-kaballo-concept-store.com\/fr\/wp-json\/wp\/v2\/product"}],"about":[{"href":"https:\/\/arlette-kaballo-concept-store.com\/fr\/wp-json\/wp\/v2\/types\/product"}],"replies":[{"embeddable":true,"href":"https:\/\/arlette-kaballo-concept-store.com\/fr\/wp-json\/wp\/v2\/comments?post=102574"}],"wp:featuredmedia":[{"embeddable":true,"href":"https:\/\/arlette-kaballo-concept-store.com\/fr\/wp-json\/wp\/v2\/media\/102512"}],"wp:attachment":[{"href":"https:\/\/arlette-kaballo-concept-store.com\/fr\/wp-json\/wp\/v2\/media?parent=102574"}],"wp:term":[{"taxonomy":"product_brand","embeddable":true,"href":"https:\/\/arlette-kaballo-concept-store.com\/fr\/wp-json\/wp\/v2\/product_brand?post=102574"},{"taxonomy":"product_cat","embeddable":true,"href":"https:\/\/arlette-kaballo-concept-store.com\/fr\/wp-json\/wp\/v2\/product_cat?post=102574"},{"taxonomy":"product_tag","embeddable":true,"href":"https:\/\/arlette-kaballo-concept-store.com\/fr\/wp-json\/wp\/v2\/product_tag?post=102574"}],"curies":[{"name":"wp","href":"https:\/\/api.w.org\/{rel}","templated":true}]}}