{"id":111004,"date":"2025-12-18T17:37:27","date_gmt":"2025-12-18T16:37:27","guid":{"rendered":"https:\/\/arlette-kaballo-concept-store.com\/?post_type=product&#038;p=111004"},"modified":"2025-12-18T17:37:28","modified_gmt":"2025-12-18T16:37:28","slug":"jacke-sweatjeansbunny","status":"publish","type":"product","link":"https:\/\/arlette-kaballo-concept-store.com\/fr\/produit\/jacke-sweatjeansbunny\/","title":{"rendered":"Jacke SweatJeansBunny"},"content":{"rendered":"<p>Made in PRC<\/p>\n<p>Onesize -Tg. 36 &#8211; 44 36 &#8211; 44<\/p>\n<p>taille de poitrine = 68 cm<\/p>\n<p>longueur = 65 cm<\/p>\n","protected":false},"excerpt":{"rendered":"<p>Veste l\u00e9g\u00e8re bleu ciel, confectionn\u00e9e dans un m\u00e9lange de mati\u00e8res avec des \u00e9l\u00e9ments en denim \u00e0 franges et en molleton, dans un style humoristique.<\/p>\n","protected":false},"featured_media":110928,"comment_status":"closed","ping_status":"closed","template":"","meta":{"_acf_changed":false},"product_brand":[],"product_cat":[404,405],"product_tag":[],"class_list":{"0":"post-111004","1":"product","2":"type-product","3":"status-publish","4":"has-post-thumbnail","6":"product_cat-fashion-fr","7":"product_cat-vestes","9":"first","10":"instock","11":"taxable","12":"shipping-taxable","13":"purchasable","14":"product-type-simple"},"acf":[],"_links":{"self":[{"href":"https:\/\/arlette-kaballo-concept-store.com\/fr\/wp-json\/wp\/v2\/product\/111004","targetHints":{"allow":["GET"]}}],"collection":[{"href":"https:\/\/arlette-kaballo-concept-store.com\/fr\/wp-json\/wp\/v2\/product"}],"about":[{"href":"https:\/\/arlette-kaballo-concept-store.com\/fr\/wp-json\/wp\/v2\/types\/product"}],"replies":[{"embeddable":true,"href":"https:\/\/arlette-kaballo-concept-store.com\/fr\/wp-json\/wp\/v2\/comments?post=111004"}],"wp:featuredmedia":[{"embeddable":true,"href":"https:\/\/arlette-kaballo-concept-store.com\/fr\/wp-json\/wp\/v2\/media\/110928"}],"wp:attachment":[{"href":"https:\/\/arlette-kaballo-concept-store.com\/fr\/wp-json\/wp\/v2\/media?parent=111004"}],"wp:term":[{"taxonomy":"product_brand","embeddable":true,"href":"https:\/\/arlette-kaballo-concept-store.com\/fr\/wp-json\/wp\/v2\/product_brand?post=111004"},{"taxonomy":"product_cat","embeddable":true,"href":"https:\/\/arlette-kaballo-concept-store.com\/fr\/wp-json\/wp\/v2\/product_cat?post=111004"},{"taxonomy":"product_tag","embeddable":true,"href":"https:\/\/arlette-kaballo-concept-store.com\/fr\/wp-json\/wp\/v2\/product_tag?post=111004"}],"curies":[{"name":"wp","href":"https:\/\/api.w.org\/{rel}","templated":true}]}}