{"id":114576,"date":"2026-01-19T17:21:16","date_gmt":"2026-01-19T16:21:16","guid":{"rendered":"https:\/\/arlette-kaballo-concept-store.com\/?post_type=product&#038;p=114576"},"modified":"2026-01-19T17:21:16","modified_gmt":"2026-01-19T16:21:16","slug":"shirt-smileyamore","status":"publish","type":"product","link":"https:\/\/arlette-kaballo-concept-store.com\/fr\/produit\/shirt-smileyamore\/","title":{"rendered":"Shirt SmileyAmore"},"content":{"rendered":"<p>Made in Italy<\/p>\n<p>Onesize &#8211; Taille 36 &#8211; 42 34 &#8211; 42<\/p>\n<p>taille de poitrine = 58 cm<\/p>\n<p>longueur = 58 &#8211; 65 cm<\/p>\n","protected":false},"excerpt":{"rendered":"<p>Chemise l\u00e9g\u00e8re \u00e0 manches longues avec motif smiley, paillettes et fausses fermetures \u00e9clair, disponible en trois couleurs.<\/p>\n","protected":false},"featured_media":114571,"comment_status":"closed","ping_status":"closed","template":"","meta":{"_acf_changed":false},"product_brand":[],"product_cat":[407,404],"product_tag":[],"class_list":{"0":"post-114576","1":"product","2":"type-product","3":"status-publish","4":"has-post-thumbnail","6":"product_cat-hauts","7":"product_cat-fashion-fr","9":"first","10":"instock","11":"taxable","12":"shipping-taxable","13":"purchasable","14":"product-type-variable"},"acf":[],"_links":{"self":[{"href":"https:\/\/arlette-kaballo-concept-store.com\/fr\/wp-json\/wp\/v2\/product\/114576","targetHints":{"allow":["GET"]}}],"collection":[{"href":"https:\/\/arlette-kaballo-concept-store.com\/fr\/wp-json\/wp\/v2\/product"}],"about":[{"href":"https:\/\/arlette-kaballo-concept-store.com\/fr\/wp-json\/wp\/v2\/types\/product"}],"replies":[{"embeddable":true,"href":"https:\/\/arlette-kaballo-concept-store.com\/fr\/wp-json\/wp\/v2\/comments?post=114576"}],"wp:featuredmedia":[{"embeddable":true,"href":"https:\/\/arlette-kaballo-concept-store.com\/fr\/wp-json\/wp\/v2\/media\/114571"}],"wp:attachment":[{"href":"https:\/\/arlette-kaballo-concept-store.com\/fr\/wp-json\/wp\/v2\/media?parent=114576"}],"wp:term":[{"taxonomy":"product_brand","embeddable":true,"href":"https:\/\/arlette-kaballo-concept-store.com\/fr\/wp-json\/wp\/v2\/product_brand?post=114576"},{"taxonomy":"product_cat","embeddable":true,"href":"https:\/\/arlette-kaballo-concept-store.com\/fr\/wp-json\/wp\/v2\/product_cat?post=114576"},{"taxonomy":"product_tag","embeddable":true,"href":"https:\/\/arlette-kaballo-concept-store.com\/fr\/wp-json\/wp\/v2\/product_tag?post=114576"}],"curies":[{"name":"wp","href":"https:\/\/api.w.org\/{rel}","templated":true}]}}