{"id":114584,"date":"2026-01-17T13:40:11","date_gmt":"2026-01-17T12:40:11","guid":{"rendered":"https:\/\/arlette-kaballo-concept-store.com\/produkt\/hose-shirtcc\/"},"modified":"2026-01-17T13:40:11","modified_gmt":"2026-01-17T12:40:11","slug":"hose-shirtcc","status":"publish","type":"product","link":"https:\/\/arlette-kaballo-concept-store.com\/fr\/produit\/hose-shirtcc\/","title":{"rendered":"Hose ShirtCC"},"content":{"rendered":"<p>Made in Italy<\/p>\n<p>Onesize &#8211; Taille 36 &#8211; 42 36 &#8211; 46<\/p>\n<p>taille de poitrine = 35 &#8211; 60 cm<\/p>\n<p>longueur = 95 cm<\/p>\n","protected":false},"excerpt":{"rendered":"<p>Pantalon gris argent\u00e9 chin\u00e9 \u00e0 enfiler, confectionn\u00e9 dans un tissu molletonn\u00e9 l\u00e9ger, avec une ceinture blanche orn\u00e9e d&rsquo;une boucle CC dor\u00e9e.<\/p>\n","protected":false},"featured_media":114186,"comment_status":"closed","ping_status":"closed","template":"","meta":{"_acf_changed":false},"product_brand":[],"product_cat":[404,406],"product_tag":[],"class_list":{"0":"post-114584","1":"product","2":"type-product","3":"status-publish","4":"has-post-thumbnail","6":"product_cat-fashion-fr","7":"product_cat-pantalon","9":"first","10":"outofstock","11":"taxable","12":"shipping-taxable","13":"purchasable","14":"product-type-simple"},"acf":[],"_links":{"self":[{"href":"https:\/\/arlette-kaballo-concept-store.com\/fr\/wp-json\/wp\/v2\/product\/114584","targetHints":{"allow":["GET"]}}],"collection":[{"href":"https:\/\/arlette-kaballo-concept-store.com\/fr\/wp-json\/wp\/v2\/product"}],"about":[{"href":"https:\/\/arlette-kaballo-concept-store.com\/fr\/wp-json\/wp\/v2\/types\/product"}],"replies":[{"embeddable":true,"href":"https:\/\/arlette-kaballo-concept-store.com\/fr\/wp-json\/wp\/v2\/comments?post=114584"}],"wp:featuredmedia":[{"embeddable":true,"href":"https:\/\/arlette-kaballo-concept-store.com\/fr\/wp-json\/wp\/v2\/media\/114186"}],"wp:attachment":[{"href":"https:\/\/arlette-kaballo-concept-store.com\/fr\/wp-json\/wp\/v2\/media?parent=114584"}],"wp:term":[{"taxonomy":"product_brand","embeddable":true,"href":"https:\/\/arlette-kaballo-concept-store.com\/fr\/wp-json\/wp\/v2\/product_brand?post=114584"},{"taxonomy":"product_cat","embeddable":true,"href":"https:\/\/arlette-kaballo-concept-store.com\/fr\/wp-json\/wp\/v2\/product_cat?post=114584"},{"taxonomy":"product_tag","embeddable":true,"href":"https:\/\/arlette-kaballo-concept-store.com\/fr\/wp-json\/wp\/v2\/product_tag?post=114584"}],"curies":[{"name":"wp","href":"https:\/\/api.w.org\/{rel}","templated":true}]}}