{"id":117279,"date":"2026-02-05T19:01:47","date_gmt":"2026-02-05T18:01:47","guid":{"rendered":"https:\/\/arlette-kaballo-concept-store.com\/?post_type=product&#038;p=117279"},"modified":"2026-02-05T19:01:48","modified_gmt":"2026-02-05T18:01:48","slug":"mantel-jeansmix","status":"publish","type":"product","link":"https:\/\/arlette-kaballo-concept-store.com\/fr\/produit\/mantel-jeansmix\/","title":{"rendered":"Mantel JeansMix"},"content":{"rendered":"<p>Made in PRC<\/p>\n<p>Onesize &#8211; Taille 36 &#8211; 42 36 &#8211; 46<\/p>\n<p>taille de poitrine = 75 cm<\/p>\n<p>longueur = 125 cm<\/p>\n","protected":false},"excerpt":{"rendered":"<p>Manteau en denim patchwork tendance, d\u00e9clin\u00e9 dans diff\u00e9rentes nuances de bleu, avec bords francs et poches plaqu\u00e9es extra-larges. Fermeture par 5 boutons. <\/p>\n","protected":false},"featured_media":117260,"comment_status":"closed","ping_status":"closed","template":"","meta":{"_acf_changed":false},"product_brand":[],"product_cat":[404,405],"product_tag":[],"class_list":{"0":"post-117279","1":"product","2":"type-product","3":"status-publish","4":"has-post-thumbnail","6":"product_cat-fashion-fr","7":"product_cat-vestes","9":"first","10":"instock","11":"taxable","12":"shipping-taxable","13":"purchasable","14":"product-type-simple"},"acf":[],"_links":{"self":[{"href":"https:\/\/arlette-kaballo-concept-store.com\/fr\/wp-json\/wp\/v2\/product\/117279","targetHints":{"allow":["GET"]}}],"collection":[{"href":"https:\/\/arlette-kaballo-concept-store.com\/fr\/wp-json\/wp\/v2\/product"}],"about":[{"href":"https:\/\/arlette-kaballo-concept-store.com\/fr\/wp-json\/wp\/v2\/types\/product"}],"replies":[{"embeddable":true,"href":"https:\/\/arlette-kaballo-concept-store.com\/fr\/wp-json\/wp\/v2\/comments?post=117279"}],"wp:featuredmedia":[{"embeddable":true,"href":"https:\/\/arlette-kaballo-concept-store.com\/fr\/wp-json\/wp\/v2\/media\/117260"}],"wp:attachment":[{"href":"https:\/\/arlette-kaballo-concept-store.com\/fr\/wp-json\/wp\/v2\/media?parent=117279"}],"wp:term":[{"taxonomy":"product_brand","embeddable":true,"href":"https:\/\/arlette-kaballo-concept-store.com\/fr\/wp-json\/wp\/v2\/product_brand?post=117279"},{"taxonomy":"product_cat","embeddable":true,"href":"https:\/\/arlette-kaballo-concept-store.com\/fr\/wp-json\/wp\/v2\/product_cat?post=117279"},{"taxonomy":"product_tag","embeddable":true,"href":"https:\/\/arlette-kaballo-concept-store.com\/fr\/wp-json\/wp\/v2\/product_tag?post=117279"}],"curies":[{"name":"wp","href":"https:\/\/api.w.org\/{rel}","templated":true}]}}