{"id":120216,"date":"2026-02-25T18:45:03","date_gmt":"2026-02-25T17:45:03","guid":{"rendered":"https:\/\/arlette-kaballo-concept-store.com\/produkt\/jeansjacke-pearls3c\/"},"modified":"2026-02-26T15:11:23","modified_gmt":"2026-02-26T14:11:23","slug":"jeansjacke-pearls3c","status":"publish","type":"product","link":"https:\/\/arlette-kaballo-concept-store.com\/fr\/produit\/jeansjacke-pearls3c\/","title":{"rendered":"Jeansjacke Pearls3C"},"content":{"rendered":"<p>Onesize &#8211; Taille 36 &#8211; 42 34 &#8211; 42<\/p>\n<p>taille de poitrine = 62 cm<\/p>\n<p>longueur = 60 cm<\/p>\n","protected":false},"excerpt":{"rendered":"<p>Veste en jean courte, style rock d\u00e9contract\u00e9, avec bords effiloch\u00e9s et grosses perles noires et blanches aux teintes sombres.<\/p>\n","protected":false},"featured_media":120137,"comment_status":"closed","ping_status":"closed","template":"","meta":{"_acf_changed":false},"product_brand":[],"product_cat":[404,405],"product_tag":[],"class_list":{"0":"post-120216","1":"product","2":"type-product","3":"status-publish","4":"has-post-thumbnail","6":"product_cat-fashion-fr","7":"product_cat-vestes","9":"first","10":"outofstock","11":"taxable","12":"shipping-taxable","13":"purchasable","14":"product-type-variable"},"acf":[],"_links":{"self":[{"href":"https:\/\/arlette-kaballo-concept-store.com\/fr\/wp-json\/wp\/v2\/product\/120216","targetHints":{"allow":["GET"]}}],"collection":[{"href":"https:\/\/arlette-kaballo-concept-store.com\/fr\/wp-json\/wp\/v2\/product"}],"about":[{"href":"https:\/\/arlette-kaballo-concept-store.com\/fr\/wp-json\/wp\/v2\/types\/product"}],"replies":[{"embeddable":true,"href":"https:\/\/arlette-kaballo-concept-store.com\/fr\/wp-json\/wp\/v2\/comments?post=120216"}],"wp:featuredmedia":[{"embeddable":true,"href":"https:\/\/arlette-kaballo-concept-store.com\/fr\/wp-json\/wp\/v2\/media\/120137"}],"wp:attachment":[{"href":"https:\/\/arlette-kaballo-concept-store.com\/fr\/wp-json\/wp\/v2\/media?parent=120216"}],"wp:term":[{"taxonomy":"product_brand","embeddable":true,"href":"https:\/\/arlette-kaballo-concept-store.com\/fr\/wp-json\/wp\/v2\/product_brand?post=120216"},{"taxonomy":"product_cat","embeddable":true,"href":"https:\/\/arlette-kaballo-concept-store.com\/fr\/wp-json\/wp\/v2\/product_cat?post=120216"},{"taxonomy":"product_tag","embeddable":true,"href":"https:\/\/arlette-kaballo-concept-store.com\/fr\/wp-json\/wp\/v2\/product_tag?post=120216"}],"curies":[{"name":"wp","href":"https:\/\/api.w.org\/{rel}","templated":true}]}}