{"id":120224,"date":"2026-02-25T08:22:37","date_gmt":"2026-02-25T07:22:37","guid":{"rendered":"https:\/\/arlette-kaballo-concept-store.com\/produkt\/shirt-letsdt\/"},"modified":"2026-02-25T08:22:37","modified_gmt":"2026-02-25T07:22:37","slug":"shirt-letsdt","status":"publish","type":"product","link":"https:\/\/arlette-kaballo-concept-store.com\/fr\/produit\/shirt-letsdt\/","title":{"rendered":"Shirt LetsDT"},"content":{"rendered":"<p>Made in Italy<\/p>\n<p>Onesize &#8211; Taille 36 &#8211; 42 34 &#8211; 42<\/p>\n<p>taille de poitrine = 60 cm<\/p>\n<p>longueur = 57 &#8211; 65 cm<\/p>\n","protected":false},"excerpt":{"rendered":"<p>Chemise l\u00e9g\u00e8re \u00e0 manches en r\u00e9sille et motif texte pastel.<\/p>\n","protected":false},"featured_media":120015,"comment_status":"closed","ping_status":"closed","template":"","meta":{"_acf_changed":false},"product_brand":[],"product_cat":[404,407],"product_tag":[],"class_list":{"0":"post-120224","1":"product","2":"type-product","3":"status-publish","4":"has-post-thumbnail","6":"product_cat-fashion-fr","7":"product_cat-hauts","9":"first","10":"instock","11":"taxable","12":"shipping-taxable","13":"purchasable","14":"product-type-variable"},"acf":[],"_links":{"self":[{"href":"https:\/\/arlette-kaballo-concept-store.com\/fr\/wp-json\/wp\/v2\/product\/120224","targetHints":{"allow":["GET"]}}],"collection":[{"href":"https:\/\/arlette-kaballo-concept-store.com\/fr\/wp-json\/wp\/v2\/product"}],"about":[{"href":"https:\/\/arlette-kaballo-concept-store.com\/fr\/wp-json\/wp\/v2\/types\/product"}],"replies":[{"embeddable":true,"href":"https:\/\/arlette-kaballo-concept-store.com\/fr\/wp-json\/wp\/v2\/comments?post=120224"}],"wp:featuredmedia":[{"embeddable":true,"href":"https:\/\/arlette-kaballo-concept-store.com\/fr\/wp-json\/wp\/v2\/media\/120015"}],"wp:attachment":[{"href":"https:\/\/arlette-kaballo-concept-store.com\/fr\/wp-json\/wp\/v2\/media?parent=120224"}],"wp:term":[{"taxonomy":"product_brand","embeddable":true,"href":"https:\/\/arlette-kaballo-concept-store.com\/fr\/wp-json\/wp\/v2\/product_brand?post=120224"},{"taxonomy":"product_cat","embeddable":true,"href":"https:\/\/arlette-kaballo-concept-store.com\/fr\/wp-json\/wp\/v2\/product_cat?post=120224"},{"taxonomy":"product_tag","embeddable":true,"href":"https:\/\/arlette-kaballo-concept-store.com\/fr\/wp-json\/wp\/v2\/product_tag?post=120224"}],"curies":[{"name":"wp","href":"https:\/\/api.w.org\/{rel}","templated":true}]}}