{"id":120761,"date":"2026-02-28T07:57:54","date_gmt":"2026-02-28T06:57:54","guid":{"rendered":"https:\/\/arlette-kaballo-concept-store.com\/produkt\/anzug-cowboymm\/"},"modified":"2026-02-28T07:57:54","modified_gmt":"2026-02-28T06:57:54","slug":"anzug-cowboymm","status":"publish","type":"product","link":"https:\/\/arlette-kaballo-concept-store.com\/fr\/produit\/anzug-cowboymm\/","title":{"rendered":"Anzug CowboyMM"},"content":{"rendered":"<p>Made in PRC<\/p>\n<p>Onesize &#8211; Taille 36 &#8211; 42 36 &#8211; 44<\/p>\n<p>Haut: taille de poitrine = 67 cm \/ longueur = 60 cm<\/p>\n<p>Pantalon: Ceinture = 35 &#8211; 48 cm \/ longueur = 112 cm<\/p>\n","protected":false},"excerpt":{"rendered":"<p>Ensemble deux pi\u00e8ces l\u00e9ger pour le printemps, compos\u00e9 d&rsquo;un pantalon \u00e0 enfiler avec cordon de serrage et d&rsquo;une chemise \u00e0 manches courtes, chacun en denim avec des d\u00e9tails us\u00e9s et des motifs de BD paillet\u00e9s sur la chemise et le pantalon.<\/p>\n","protected":false},"featured_media":120684,"comment_status":"closed","ping_status":"closed","template":"","meta":{"_acf_changed":false},"product_brand":[],"product_cat":[404,715],"product_tag":[],"class_list":{"0":"post-120761","1":"product","2":"type-product","3":"status-publish","4":"has-post-thumbnail","6":"product_cat-fashion-fr","7":"product_cat-robes-costumes","9":"first","10":"outofstock","11":"taxable","12":"shipping-taxable","13":"purchasable","14":"product-type-simple"},"acf":[],"_links":{"self":[{"href":"https:\/\/arlette-kaballo-concept-store.com\/fr\/wp-json\/wp\/v2\/product\/120761","targetHints":{"allow":["GET"]}}],"collection":[{"href":"https:\/\/arlette-kaballo-concept-store.com\/fr\/wp-json\/wp\/v2\/product"}],"about":[{"href":"https:\/\/arlette-kaballo-concept-store.com\/fr\/wp-json\/wp\/v2\/types\/product"}],"replies":[{"embeddable":true,"href":"https:\/\/arlette-kaballo-concept-store.com\/fr\/wp-json\/wp\/v2\/comments?post=120761"}],"wp:featuredmedia":[{"embeddable":true,"href":"https:\/\/arlette-kaballo-concept-store.com\/fr\/wp-json\/wp\/v2\/media\/120684"}],"wp:attachment":[{"href":"https:\/\/arlette-kaballo-concept-store.com\/fr\/wp-json\/wp\/v2\/media?parent=120761"}],"wp:term":[{"taxonomy":"product_brand","embeddable":true,"href":"https:\/\/arlette-kaballo-concept-store.com\/fr\/wp-json\/wp\/v2\/product_brand?post=120761"},{"taxonomy":"product_cat","embeddable":true,"href":"https:\/\/arlette-kaballo-concept-store.com\/fr\/wp-json\/wp\/v2\/product_cat?post=120761"},{"taxonomy":"product_tag","embeddable":true,"href":"https:\/\/arlette-kaballo-concept-store.com\/fr\/wp-json\/wp\/v2\/product_tag?post=120761"}],"curies":[{"name":"wp","href":"https:\/\/api.w.org\/{rel}","templated":true}]}}