{"id":121603,"date":"2026-03-06T08:07:34","date_gmt":"2026-03-06T07:07:34","guid":{"rendered":"https:\/\/arlette-kaballo-concept-store.com\/produkt\/anzug-choosekindnessstripes\/"},"modified":"2026-03-06T16:10:40","modified_gmt":"2026-03-06T15:10:40","slug":"anzug-choosekindnessstripes","status":"publish","type":"product","link":"https:\/\/arlette-kaballo-concept-store.com\/fr\/produit\/anzug-choosekindnessstripes\/","title":{"rendered":"Anzug ChooseKindnessStripes"},"content":{"rendered":"<p>Made in Italy<\/p>\n<p>Onesize &#8211; Taille 36 &#8211; 42 36 &#8211; 46<\/p>\n<p>Haut: taille de poitrine = 85 cm \/ longueur = 65 &#8211; 73 cm<\/p>\n<p>Pantalon: Ceinture = 35 &#8211; 55 cm \/ longueur = 98 cm<\/p>\n","protected":false},"excerpt":{"rendered":"<p>Ensemble deux pi\u00e8ces sport-tendance compos\u00e9 d&rsquo;un pull \u00e0 capuche oversize \u00e0 motif color\u00e9 et d&rsquo;un pantalon \u00e0 enfiler avec poches XL et cordon de serrage + rayures sur les deux pi\u00e8ces.<\/p>\n","protected":false},"featured_media":121568,"comment_status":"closed","ping_status":"closed","template":"","meta":{"_acf_changed":false},"product_brand":[],"product_cat":[404,715],"product_tag":[],"class_list":{"0":"post-121603","1":"product","2":"type-product","3":"status-publish","4":"has-post-thumbnail","6":"product_cat-fashion-fr","7":"product_cat-robes-costumes","9":"first","10":"instock","11":"taxable","12":"shipping-taxable","13":"purchasable","14":"product-type-variable"},"acf":[],"_links":{"self":[{"href":"https:\/\/arlette-kaballo-concept-store.com\/fr\/wp-json\/wp\/v2\/product\/121603","targetHints":{"allow":["GET"]}}],"collection":[{"href":"https:\/\/arlette-kaballo-concept-store.com\/fr\/wp-json\/wp\/v2\/product"}],"about":[{"href":"https:\/\/arlette-kaballo-concept-store.com\/fr\/wp-json\/wp\/v2\/types\/product"}],"replies":[{"embeddable":true,"href":"https:\/\/arlette-kaballo-concept-store.com\/fr\/wp-json\/wp\/v2\/comments?post=121603"}],"wp:featuredmedia":[{"embeddable":true,"href":"https:\/\/arlette-kaballo-concept-store.com\/fr\/wp-json\/wp\/v2\/media\/121568"}],"wp:attachment":[{"href":"https:\/\/arlette-kaballo-concept-store.com\/fr\/wp-json\/wp\/v2\/media?parent=121603"}],"wp:term":[{"taxonomy":"product_brand","embeddable":true,"href":"https:\/\/arlette-kaballo-concept-store.com\/fr\/wp-json\/wp\/v2\/product_brand?post=121603"},{"taxonomy":"product_cat","embeddable":true,"href":"https:\/\/arlette-kaballo-concept-store.com\/fr\/wp-json\/wp\/v2\/product_cat?post=121603"},{"taxonomy":"product_tag","embeddable":true,"href":"https:\/\/arlette-kaballo-concept-store.com\/fr\/wp-json\/wp\/v2\/product_tag?post=121603"}],"curies":[{"name":"wp","href":"https:\/\/api.w.org\/{rel}","templated":true}]}}