{"id":121932,"date":"2026-03-06T20:10:54","date_gmt":"2026-03-06T19:10:54","guid":{"rendered":"https:\/\/arlette-kaballo-concept-store.com\/produkt\/shirt-lochilasoho\/"},"modified":"2026-03-07T08:09:19","modified_gmt":"2026-03-07T07:09:19","slug":"shirt-lochilasoho","status":"publish","type":"product","link":"https:\/\/arlette-kaballo-concept-store.com\/fr\/produit\/shirt-lochilasoho\/","title":{"rendered":"Shirt LochiLASoho"},"content":{"rendered":"<p>Made in Italy<\/p>\n<p>Onesize &#8211; Taille 36 &#8211; 42 36 &#8211; 46<\/p>\n<p>taille de poitrine = 85 cm<\/p>\n<p>longueur = 80 cm<\/p>\n","protected":false},"excerpt":{"rendered":"<p>Chemise l\u00e9g\u00e8re \u00e0 capuche et manches longues, orn\u00e9e d&rsquo;un motif perfor\u00e9 et d&rsquo;un imprim\u00e9 Soho \u00e9clatant sur la poitrine et le dos.<\/p>\n","protected":false},"featured_media":121770,"comment_status":"closed","ping_status":"closed","template":"","meta":{"_acf_changed":false},"product_brand":[],"product_cat":[404,407],"product_tag":[],"class_list":{"0":"post-121932","1":"product","2":"type-product","3":"status-publish","4":"has-post-thumbnail","6":"product_cat-fashion-fr","7":"product_cat-hauts","9":"first","10":"instock","11":"taxable","12":"shipping-taxable","13":"purchasable","14":"product-type-variable"},"acf":[],"_links":{"self":[{"href":"https:\/\/arlette-kaballo-concept-store.com\/fr\/wp-json\/wp\/v2\/product\/121932","targetHints":{"allow":["GET"]}}],"collection":[{"href":"https:\/\/arlette-kaballo-concept-store.com\/fr\/wp-json\/wp\/v2\/product"}],"about":[{"href":"https:\/\/arlette-kaballo-concept-store.com\/fr\/wp-json\/wp\/v2\/types\/product"}],"replies":[{"embeddable":true,"href":"https:\/\/arlette-kaballo-concept-store.com\/fr\/wp-json\/wp\/v2\/comments?post=121932"}],"wp:featuredmedia":[{"embeddable":true,"href":"https:\/\/arlette-kaballo-concept-store.com\/fr\/wp-json\/wp\/v2\/media\/121770"}],"wp:attachment":[{"href":"https:\/\/arlette-kaballo-concept-store.com\/fr\/wp-json\/wp\/v2\/media?parent=121932"}],"wp:term":[{"taxonomy":"product_brand","embeddable":true,"href":"https:\/\/arlette-kaballo-concept-store.com\/fr\/wp-json\/wp\/v2\/product_brand?post=121932"},{"taxonomy":"product_cat","embeddable":true,"href":"https:\/\/arlette-kaballo-concept-store.com\/fr\/wp-json\/wp\/v2\/product_cat?post=121932"},{"taxonomy":"product_tag","embeddable":true,"href":"https:\/\/arlette-kaballo-concept-store.com\/fr\/wp-json\/wp\/v2\/product_tag?post=121932"}],"curies":[{"name":"wp","href":"https:\/\/api.w.org\/{rel}","templated":true}]}}