{"id":124379,"date":"2026-03-20T17:08:46","date_gmt":"2026-03-20T16:08:46","guid":{"rendered":"https:\/\/arlette-kaballo-concept-store.com\/?post_type=product&#038;p=124379"},"modified":"2026-04-02T23:51:59","modified_gmt":"2026-04-02T21:51:59","slug":"jeans-skybluesoho","status":"publish","type":"product","link":"https:\/\/arlette-kaballo-concept-store.com\/fr\/produit\/jeans-skybluesoho\/","title":{"rendered":"Jeans SkyblueSoho"},"content":{"rendered":"<p>Made in Bangladesh<\/p>\n","protected":false},"excerpt":{"rendered":"<p>Jean bleu clair d\u00e9lav\u00e9 avec un motif Soho color\u00e9 sur la jambe gauche.<\/p>\n","protected":false},"featured_media":124242,"comment_status":"closed","ping_status":"closed","template":"","meta":{"_acf_changed":false},"product_brand":[],"product_cat":[404,406],"product_tag":[],"class_list":{"0":"post-124379","1":"product","2":"type-product","3":"status-publish","4":"has-post-thumbnail","6":"product_cat-fashion-fr","7":"product_cat-pantalon","9":"first","10":"outofstock","11":"taxable","12":"shipping-taxable","13":"purchasable","14":"product-type-variable"},"acf":[],"_links":{"self":[{"href":"https:\/\/arlette-kaballo-concept-store.com\/fr\/wp-json\/wp\/v2\/product\/124379","targetHints":{"allow":["GET"]}}],"collection":[{"href":"https:\/\/arlette-kaballo-concept-store.com\/fr\/wp-json\/wp\/v2\/product"}],"about":[{"href":"https:\/\/arlette-kaballo-concept-store.com\/fr\/wp-json\/wp\/v2\/types\/product"}],"replies":[{"embeddable":true,"href":"https:\/\/arlette-kaballo-concept-store.com\/fr\/wp-json\/wp\/v2\/comments?post=124379"}],"wp:featuredmedia":[{"embeddable":true,"href":"https:\/\/arlette-kaballo-concept-store.com\/fr\/wp-json\/wp\/v2\/media\/124242"}],"wp:attachment":[{"href":"https:\/\/arlette-kaballo-concept-store.com\/fr\/wp-json\/wp\/v2\/media?parent=124379"}],"wp:term":[{"taxonomy":"product_brand","embeddable":true,"href":"https:\/\/arlette-kaballo-concept-store.com\/fr\/wp-json\/wp\/v2\/product_brand?post=124379"},{"taxonomy":"product_cat","embeddable":true,"href":"https:\/\/arlette-kaballo-concept-store.com\/fr\/wp-json\/wp\/v2\/product_cat?post=124379"},{"taxonomy":"product_tag","embeddable":true,"href":"https:\/\/arlette-kaballo-concept-store.com\/fr\/wp-json\/wp\/v2\/product_tag?post=124379"}],"curies":[{"name":"wp","href":"https:\/\/api.w.org\/{rel}","templated":true}]}}