{"id":126214,"date":"2026-03-28T19:41:30","date_gmt":"2026-03-28T18:41:30","guid":{"rendered":"https:\/\/arlette-kaballo-concept-store.com\/?post_type=product&#038;p=126214"},"modified":"2026-04-01T15:57:54","modified_gmt":"2026-04-01T13:57:54","slug":"anzug-schuerzenieten","status":"publish","type":"product","link":"https:\/\/arlette-kaballo-concept-store.com\/fr\/produit\/anzug-schuerzenieten\/","title":{"rendered":"Anzug Sch\u00fcrzeNieten"},"content":{"rendered":"<p>Made in Italy<\/p>\n<p>Onesize \u2013 Taille 36 \u2013 46 34 \u2013 44<\/p>\n<p>Haut : AA = 70 cm \/ Longueur = 40 cm<\/p>\n<p>Pantalon : Ceinture = 30 \u2013 50 cm \/ Longueur = 95 cm<\/p>\n","protected":false},"excerpt":{"rendered":"<p>Le pantalon populaire maintenant en tant que combinaison avec un t-shirt \u00e0 manches courtes, \u00e9galement orn\u00e9 d&rsquo;anneaux.<\/p>\n","protected":false},"featured_media":126176,"comment_status":"closed","ping_status":"closed","template":"","meta":{"_acf_changed":false},"product_brand":[],"product_cat":[715,404],"product_tag":[],"class_list":{"0":"post-126214","1":"product","2":"type-product","3":"status-publish","4":"has-post-thumbnail","6":"product_cat-robes-costumes","7":"product_cat-fashion-fr","9":"first","10":"instock","11":"taxable","12":"shipping-taxable","13":"purchasable","14":"product-type-variable"},"acf":[],"_links":{"self":[{"href":"https:\/\/arlette-kaballo-concept-store.com\/fr\/wp-json\/wp\/v2\/product\/126214","targetHints":{"allow":["GET"]}}],"collection":[{"href":"https:\/\/arlette-kaballo-concept-store.com\/fr\/wp-json\/wp\/v2\/product"}],"about":[{"href":"https:\/\/arlette-kaballo-concept-store.com\/fr\/wp-json\/wp\/v2\/types\/product"}],"replies":[{"embeddable":true,"href":"https:\/\/arlette-kaballo-concept-store.com\/fr\/wp-json\/wp\/v2\/comments?post=126214"}],"wp:featuredmedia":[{"embeddable":true,"href":"https:\/\/arlette-kaballo-concept-store.com\/fr\/wp-json\/wp\/v2\/media\/126176"}],"wp:attachment":[{"href":"https:\/\/arlette-kaballo-concept-store.com\/fr\/wp-json\/wp\/v2\/media?parent=126214"}],"wp:term":[{"taxonomy":"product_brand","embeddable":true,"href":"https:\/\/arlette-kaballo-concept-store.com\/fr\/wp-json\/wp\/v2\/product_brand?post=126214"},{"taxonomy":"product_cat","embeddable":true,"href":"https:\/\/arlette-kaballo-concept-store.com\/fr\/wp-json\/wp\/v2\/product_cat?post=126214"},{"taxonomy":"product_tag","embeddable":true,"href":"https:\/\/arlette-kaballo-concept-store.com\/fr\/wp-json\/wp\/v2\/product_tag?post=126214"}],"curies":[{"name":"wp","href":"https:\/\/api.w.org\/{rel}","templated":true}]}}