{"id":126592,"date":"2026-03-31T18:39:34","date_gmt":"2026-03-31T16:39:34","guid":{"rendered":"https:\/\/arlette-kaballo-concept-store.com\/?post_type=product&#038;p=126592"},"modified":"2026-03-31T18:39:36","modified_gmt":"2026-03-31T16:39:36","slug":"anzug-goldensparklecycle","status":"publish","type":"product","link":"https:\/\/arlette-kaballo-concept-store.com\/fr\/produit\/anzug-goldensparklecycle\/","title":{"rendered":"Anzug GoldenSparkleCycle"},"content":{"rendered":"<p>Made in Italy<\/p>\n<p>Onesize &#8211; Taille 36 &#8211; 46 36 &#8211; 42<\/p>\n<p>Haut : AA = 60 cm \/ Longueur = 63 &#8211; 70 cm<\/p>\n<p>Pantalon : Ceinture =34 &#8211; 50 cm \/ Longueur = 100 cm<\/p>\n","protected":false},"excerpt":{"rendered":"<p>L\u00e9ger deux-pi\u00e8ces avec motif scintillant de scooter, en deux couleurs, compos\u00e9 d&rsquo;un t-shirt \u00e0 manches courtes et d&rsquo;un pantalon \u00e0 enfiler avec une ceinture tress\u00e9e avec extension de tissu.<\/p>\n","protected":false},"featured_media":126583,"comment_status":"closed","ping_status":"closed","template":"","meta":{"_acf_changed":false},"product_brand":[],"product_cat":[715,404],"product_tag":[],"class_list":{"0":"post-126592","1":"product","2":"type-product","3":"status-publish","4":"has-post-thumbnail","6":"product_cat-robes-costumes","7":"product_cat-fashion-fr","9":"first","10":"outofstock","11":"taxable","12":"shipping-taxable","13":"purchasable","14":"product-type-variable"},"acf":[],"_links":{"self":[{"href":"https:\/\/arlette-kaballo-concept-store.com\/fr\/wp-json\/wp\/v2\/product\/126592","targetHints":{"allow":["GET"]}}],"collection":[{"href":"https:\/\/arlette-kaballo-concept-store.com\/fr\/wp-json\/wp\/v2\/product"}],"about":[{"href":"https:\/\/arlette-kaballo-concept-store.com\/fr\/wp-json\/wp\/v2\/types\/product"}],"replies":[{"embeddable":true,"href":"https:\/\/arlette-kaballo-concept-store.com\/fr\/wp-json\/wp\/v2\/comments?post=126592"}],"wp:featuredmedia":[{"embeddable":true,"href":"https:\/\/arlette-kaballo-concept-store.com\/fr\/wp-json\/wp\/v2\/media\/126583"}],"wp:attachment":[{"href":"https:\/\/arlette-kaballo-concept-store.com\/fr\/wp-json\/wp\/v2\/media?parent=126592"}],"wp:term":[{"taxonomy":"product_brand","embeddable":true,"href":"https:\/\/arlette-kaballo-concept-store.com\/fr\/wp-json\/wp\/v2\/product_brand?post=126592"},{"taxonomy":"product_cat","embeddable":true,"href":"https:\/\/arlette-kaballo-concept-store.com\/fr\/wp-json\/wp\/v2\/product_cat?post=126592"},{"taxonomy":"product_tag","embeddable":true,"href":"https:\/\/arlette-kaballo-concept-store.com\/fr\/wp-json\/wp\/v2\/product_tag?post=126592"}],"curies":[{"name":"wp","href":"https:\/\/api.w.org\/{rel}","templated":true}]}}