{"id":127034,"date":"2026-04-03T19:47:52","date_gmt":"2026-04-03T17:47:52","guid":{"rendered":"https:\/\/arlette-kaballo-concept-store.com\/?post_type=product&#038;p=127034"},"modified":"2026-04-03T19:47:53","modified_gmt":"2026-04-03T17:47:53","slug":"anzug-yelroeckchen","status":"publish","type":"product","link":"https:\/\/arlette-kaballo-concept-store.com\/fr\/produit\/anzug-yelroeckchen\/","title":{"rendered":"Anzug YelR\u00f6ckchen"},"content":{"rendered":"<p>Made in Italy<\/p>\n<p>Onesize &#8211; Taille 36 &#8211; 46 36 &#8211; 42<\/p>\n<p>Haut : AA = 63 cm \/ Longueur = 63 cm<\/p>\n<p>Pantalon: Ceinture = 37 &#8211; 50 cm \/ longueur = 100 cm<\/p>\n","protected":false},"excerpt":{"rendered":"<p>Deux-pi\u00e8ces tr\u00e8s d\u00e9taill\u00e9 compos\u00e9 d&rsquo;un pantalon \u00e0 enfiler avec un empi\u00e8cement de tablier et un sweat \u00e0 capuche orn\u00e9 d&rsquo;une inscription scintillante.<\/p>\n","protected":false},"featured_media":126962,"comment_status":"closed","ping_status":"closed","template":"","meta":{"_acf_changed":false},"product_brand":[],"product_cat":[715,404],"product_tag":[],"class_list":{"0":"post-127034","1":"product","2":"type-product","3":"status-publish","4":"has-post-thumbnail","6":"product_cat-robes-costumes","7":"product_cat-fashion-fr","9":"first","10":"outofstock","11":"taxable","12":"shipping-taxable","13":"purchasable","14":"product-type-simple"},"acf":[],"_links":{"self":[{"href":"https:\/\/arlette-kaballo-concept-store.com\/fr\/wp-json\/wp\/v2\/product\/127034","targetHints":{"allow":["GET"]}}],"collection":[{"href":"https:\/\/arlette-kaballo-concept-store.com\/fr\/wp-json\/wp\/v2\/product"}],"about":[{"href":"https:\/\/arlette-kaballo-concept-store.com\/fr\/wp-json\/wp\/v2\/types\/product"}],"replies":[{"embeddable":true,"href":"https:\/\/arlette-kaballo-concept-store.com\/fr\/wp-json\/wp\/v2\/comments?post=127034"}],"wp:featuredmedia":[{"embeddable":true,"href":"https:\/\/arlette-kaballo-concept-store.com\/fr\/wp-json\/wp\/v2\/media\/126962"}],"wp:attachment":[{"href":"https:\/\/arlette-kaballo-concept-store.com\/fr\/wp-json\/wp\/v2\/media?parent=127034"}],"wp:term":[{"taxonomy":"product_brand","embeddable":true,"href":"https:\/\/arlette-kaballo-concept-store.com\/fr\/wp-json\/wp\/v2\/product_brand?post=127034"},{"taxonomy":"product_cat","embeddable":true,"href":"https:\/\/arlette-kaballo-concept-store.com\/fr\/wp-json\/wp\/v2\/product_cat?post=127034"},{"taxonomy":"product_tag","embeddable":true,"href":"https:\/\/arlette-kaballo-concept-store.com\/fr\/wp-json\/wp\/v2\/product_tag?post=127034"}],"curies":[{"name":"wp","href":"https:\/\/api.w.org\/{rel}","templated":true}]}}