{"id":128889,"date":"2026-04-15T10:56:01","date_gmt":"2026-04-15T08:56:01","guid":{"rendered":"https:\/\/arlette-kaballo-concept-store.com\/?post_type=product&#038;p=128889"},"modified":"2026-04-15T10:56:03","modified_gmt":"2026-04-15T08:56:03","slug":"kleid-longwaves","status":"publish","type":"product","link":"https:\/\/arlette-kaballo-concept-store.com\/fr\/produit\/kleid-longwaves\/","title":{"rendered":"Kleid LongWaves"},"content":{"rendered":"<p>Made in Italy<\/p>\n<p>Onesize &#8211; Taille 36 &#8211; 46 34 &#8211; 40<\/p>\n<p>taille de poitrine = 48 cm<\/p>\n<p>longueur = 120 cm<\/p>\n","protected":false},"excerpt":{"rendered":"<p>Robe longue \u00e0 coupe \u00e9troite avec motif ondul\u00e9 en 2 styles de couleurs.<\/p>\n","protected":false},"featured_media":128836,"comment_status":"closed","ping_status":"closed","template":"","meta":{"_acf_changed":false},"product_brand":[],"product_cat":[404,715],"product_tag":[],"class_list":{"0":"post-128889","1":"product","2":"type-product","3":"status-publish","4":"has-post-thumbnail","6":"product_cat-fashion-fr","7":"product_cat-robes-costumes","9":"first","10":"instock","11":"taxable","12":"shipping-taxable","13":"purchasable","14":"product-type-variable"},"acf":[],"_links":{"self":[{"href":"https:\/\/arlette-kaballo-concept-store.com\/fr\/wp-json\/wp\/v2\/product\/128889","targetHints":{"allow":["GET"]}}],"collection":[{"href":"https:\/\/arlette-kaballo-concept-store.com\/fr\/wp-json\/wp\/v2\/product"}],"about":[{"href":"https:\/\/arlette-kaballo-concept-store.com\/fr\/wp-json\/wp\/v2\/types\/product"}],"replies":[{"embeddable":true,"href":"https:\/\/arlette-kaballo-concept-store.com\/fr\/wp-json\/wp\/v2\/comments?post=128889"}],"wp:featuredmedia":[{"embeddable":true,"href":"https:\/\/arlette-kaballo-concept-store.com\/fr\/wp-json\/wp\/v2\/media\/128836"}],"wp:attachment":[{"href":"https:\/\/arlette-kaballo-concept-store.com\/fr\/wp-json\/wp\/v2\/media?parent=128889"}],"wp:term":[{"taxonomy":"product_brand","embeddable":true,"href":"https:\/\/arlette-kaballo-concept-store.com\/fr\/wp-json\/wp\/v2\/product_brand?post=128889"},{"taxonomy":"product_cat","embeddable":true,"href":"https:\/\/arlette-kaballo-concept-store.com\/fr\/wp-json\/wp\/v2\/product_cat?post=128889"},{"taxonomy":"product_tag","embeddable":true,"href":"https:\/\/arlette-kaballo-concept-store.com\/fr\/wp-json\/wp\/v2\/product_tag?post=128889"}],"curies":[{"name":"wp","href":"https:\/\/api.w.org\/{rel}","templated":true}]}}