{"id":130582,"date":"2026-04-22T20:54:36","date_gmt":"2026-04-22T18:54:36","guid":{"rendered":"https:\/\/arlette-kaballo-concept-store.com\/produkt\/anzug-summercutspitze\/"},"modified":"2026-04-22T20:54:36","modified_gmt":"2026-04-22T18:54:36","slug":"anzug-summercutspitze","status":"publish","type":"product","link":"https:\/\/arlette-kaballo-concept-store.com\/fr\/produit\/anzug-summercutspitze\/","title":{"rendered":"Anzug SummerCutSpitze"},"content":{"rendered":"<p>Made in Italy<\/p>\n<p>Onesize &#8211; Taille 36 &#8211; 46 36 &#8211; 42<\/p>\n<p>Haut : taille de poitrine = 63 cm \/ Longueur = 65 cm <\/p>\n<p>Pantalon : Ceinture = 33 &#8211; 53 cm \/ Longueur = 75 cm<\/p>\n","protected":false},"excerpt":{"rendered":"<p>Deux-pi\u00e8ces estival avec \u00e9l\u00e9ments d\u00e9coup\u00e9s us\u00e9s avec dentelle incorpor\u00e9e en deux couleurs.<\/p>\n","protected":false},"featured_media":130539,"comment_status":"closed","ping_status":"closed","template":"","meta":{"_acf_changed":false},"product_brand":[],"product_cat":[715,404],"product_tag":[],"class_list":{"0":"post-130582","1":"product","2":"type-product","3":"status-publish","4":"has-post-thumbnail","6":"product_cat-robes-costumes","7":"product_cat-fashion-fr","9":"first","10":"instock","11":"taxable","12":"shipping-taxable","13":"purchasable","14":"product-type-variable"},"acf":[],"_links":{"self":[{"href":"https:\/\/arlette-kaballo-concept-store.com\/fr\/wp-json\/wp\/v2\/product\/130582","targetHints":{"allow":["GET"]}}],"collection":[{"href":"https:\/\/arlette-kaballo-concept-store.com\/fr\/wp-json\/wp\/v2\/product"}],"about":[{"href":"https:\/\/arlette-kaballo-concept-store.com\/fr\/wp-json\/wp\/v2\/types\/product"}],"replies":[{"embeddable":true,"href":"https:\/\/arlette-kaballo-concept-store.com\/fr\/wp-json\/wp\/v2\/comments?post=130582"}],"wp:featuredmedia":[{"embeddable":true,"href":"https:\/\/arlette-kaballo-concept-store.com\/fr\/wp-json\/wp\/v2\/media\/130539"}],"wp:attachment":[{"href":"https:\/\/arlette-kaballo-concept-store.com\/fr\/wp-json\/wp\/v2\/media?parent=130582"}],"wp:term":[{"taxonomy":"product_brand","embeddable":true,"href":"https:\/\/arlette-kaballo-concept-store.com\/fr\/wp-json\/wp\/v2\/product_brand?post=130582"},{"taxonomy":"product_cat","embeddable":true,"href":"https:\/\/arlette-kaballo-concept-store.com\/fr\/wp-json\/wp\/v2\/product_cat?post=130582"},{"taxonomy":"product_tag","embeddable":true,"href":"https:\/\/arlette-kaballo-concept-store.com\/fr\/wp-json\/wp\/v2\/product_tag?post=130582"}],"curies":[{"name":"wp","href":"https:\/\/api.w.org\/{rel}","templated":true}]}}