{"id":131233,"date":"2026-04-26T18:09:36","date_gmt":"2026-04-26T16:09:36","guid":{"rendered":"https:\/\/arlette-kaballo-concept-store.com\/?post_type=product&#038;p=131233"},"modified":"2026-04-26T18:09:38","modified_gmt":"2026-04-26T16:09:38","slug":"kleid-shirtdivmov","status":"publish","type":"product","link":"https:\/\/arlette-kaballo-concept-store.com\/fr\/produit\/kleid-shirtdivmov\/","title":{"rendered":"Kleid ShirtDivMov"},"content":{"rendered":"<p>Made in Italy<\/p>\n<p>Onesize \u2013 Taille 36 \u2013 46 34 \u2013 42<\/p>\n<p>taille de poitrine = 63 cm<\/p>\n<p>longueur = 120 cm<\/p>\n","protected":false},"excerpt":{"rendered":"<p>Les c\u00e9l\u00e8bres robes maxi-T-shirt \u00e0 coupe \u00e9troite avec des motifs color\u00e9s et des fentes lat\u00e9rales.<\/p>\n<p>Image 1+2 SnoopyLunettes<\/p>\n<p>Image 3+4 BettyAnimal<\/p>\n<p>Image 5+6 Woman<\/p>\n<p>Image 7+8 SnoopyEtoile<\/p>\n<p>Image 9+10 BettyPink<\/p>\n","protected":false},"featured_media":131489,"comment_status":"closed","ping_status":"closed","template":"","meta":{"_acf_changed":false},"product_brand":[],"product_cat":[404,715],"product_tag":[],"class_list":{"0":"post-131233","1":"product","2":"type-product","3":"status-publish","4":"has-post-thumbnail","6":"product_cat-fashion-fr","7":"product_cat-robes-costumes","9":"first","10":"instock","11":"taxable","12":"shipping-taxable","13":"purchasable","14":"product-type-variable"},"acf":[],"_links":{"self":[{"href":"https:\/\/arlette-kaballo-concept-store.com\/fr\/wp-json\/wp\/v2\/product\/131233","targetHints":{"allow":["GET"]}}],"collection":[{"href":"https:\/\/arlette-kaballo-concept-store.com\/fr\/wp-json\/wp\/v2\/product"}],"about":[{"href":"https:\/\/arlette-kaballo-concept-store.com\/fr\/wp-json\/wp\/v2\/types\/product"}],"replies":[{"embeddable":true,"href":"https:\/\/arlette-kaballo-concept-store.com\/fr\/wp-json\/wp\/v2\/comments?post=131233"}],"wp:featuredmedia":[{"embeddable":true,"href":"https:\/\/arlette-kaballo-concept-store.com\/fr\/wp-json\/wp\/v2\/media\/131489"}],"wp:attachment":[{"href":"https:\/\/arlette-kaballo-concept-store.com\/fr\/wp-json\/wp\/v2\/media?parent=131233"}],"wp:term":[{"taxonomy":"product_brand","embeddable":true,"href":"https:\/\/arlette-kaballo-concept-store.com\/fr\/wp-json\/wp\/v2\/product_brand?post=131233"},{"taxonomy":"product_cat","embeddable":true,"href":"https:\/\/arlette-kaballo-concept-store.com\/fr\/wp-json\/wp\/v2\/product_cat?post=131233"},{"taxonomy":"product_tag","embeddable":true,"href":"https:\/\/arlette-kaballo-concept-store.com\/fr\/wp-json\/wp\/v2\/product_tag?post=131233"}],"curies":[{"name":"wp","href":"https:\/\/api.w.org\/{rel}","templated":true}]}}