{"id":132368,"date":"2026-05-02T20:16:20","date_gmt":"2026-05-02T18:16:20","guid":{"rendered":"https:\/\/arlette-kaballo-concept-store.com\/produkt\/rock-unizipfel\/"},"modified":"2026-05-02T20:16:20","modified_gmt":"2026-05-02T18:16:20","slug":"rock-unizipfel","status":"publish","type":"product","link":"https:\/\/arlette-kaballo-concept-store.com\/fr\/produit\/rock-unizipfel\/","title":{"rendered":"Rock UniZipfel"},"content":{"rendered":"<p>Made in Italy<\/p>\n<p>Onesize \u2013 Taille 36 \u2013 46 36 \u2013 44<\/p>\n<p>taille de poitrine = 35 \u2013 60 cm<\/p>\n<p>longueur = 100 cm<\/p>\n","protected":false},"excerpt":{"rendered":"<p>Jupe estivale unie \u00e0 \u00e9tages avec des pointes sur les c\u00f4t\u00e9s.<\/p>\n","protected":false},"featured_media":132204,"comment_status":"closed","ping_status":"closed","template":"","meta":{"_acf_changed":false},"product_brand":[],"product_cat":[404,406,715],"product_tag":[],"class_list":{"0":"post-132368","1":"product","2":"type-product","3":"status-publish","4":"has-post-thumbnail","6":"product_cat-fashion-fr","7":"product_cat-pantalon","8":"product_cat-robes-costumes","10":"first","11":"instock","12":"taxable","13":"shipping-taxable","14":"purchasable","15":"product-type-variable"},"acf":[],"_links":{"self":[{"href":"https:\/\/arlette-kaballo-concept-store.com\/fr\/wp-json\/wp\/v2\/product\/132368","targetHints":{"allow":["GET"]}}],"collection":[{"href":"https:\/\/arlette-kaballo-concept-store.com\/fr\/wp-json\/wp\/v2\/product"}],"about":[{"href":"https:\/\/arlette-kaballo-concept-store.com\/fr\/wp-json\/wp\/v2\/types\/product"}],"replies":[{"embeddable":true,"href":"https:\/\/arlette-kaballo-concept-store.com\/fr\/wp-json\/wp\/v2\/comments?post=132368"}],"wp:featuredmedia":[{"embeddable":true,"href":"https:\/\/arlette-kaballo-concept-store.com\/fr\/wp-json\/wp\/v2\/media\/132204"}],"wp:attachment":[{"href":"https:\/\/arlette-kaballo-concept-store.com\/fr\/wp-json\/wp\/v2\/media?parent=132368"}],"wp:term":[{"taxonomy":"product_brand","embeddable":true,"href":"https:\/\/arlette-kaballo-concept-store.com\/fr\/wp-json\/wp\/v2\/product_brand?post=132368"},{"taxonomy":"product_cat","embeddable":true,"href":"https:\/\/arlette-kaballo-concept-store.com\/fr\/wp-json\/wp\/v2\/product_cat?post=132368"},{"taxonomy":"product_tag","embeddable":true,"href":"https:\/\/arlette-kaballo-concept-store.com\/fr\/wp-json\/wp\/v2\/product_tag?post=132368"}],"curies":[{"name":"wp","href":"https:\/\/api.w.org\/{rel}","templated":true}]}}