{"id":133190,"date":"2026-05-07T13:27:43","date_gmt":"2026-05-07T11:27:43","guid":{"rendered":"https:\/\/arlette-kaballo-concept-store.com\/produkt\/hose-bluesparklewomen\/"},"modified":"2026-05-09T11:17:02","modified_gmt":"2026-05-09T09:17:02","slug":"hose-bluesparklewomen","status":"publish","type":"product","link":"https:\/\/arlette-kaballo-concept-store.com\/fr\/produit\/hose-bluesparklewomen\/","title":{"rendered":"Hose BlueSparkleWomen"},"content":{"rendered":"<p>Made in Turkey<\/p>\n<p>Onesize \u2013 Taille 36 \u2013 46 36 \u2013 44<\/p>\n<p>Ceinture = 37 \u2013 50 cm<\/p>\n<p>longueur = 100 cm<\/p>\n","protected":false},"excerpt":{"rendered":"<p>Pantalon en jean et sweat m\u00e9lang\u00e9s (dos enti\u00e8rement en sweat blanc) avec un bouton et une fermeture \u00e0 glissi\u00e8re et une fronce dans la partie sweat. Le pantalon a un motif f\u00e9minin scintillant \u00e0 l&rsquo;avant et des parties animales us\u00e9es. <\/p>\n","protected":false},"featured_media":133056,"comment_status":"closed","ping_status":"closed","template":"","meta":{"_acf_changed":false},"product_brand":[],"product_cat":[404,406],"product_tag":[],"class_list":{"0":"post-133190","1":"product","2":"type-product","3":"status-publish","4":"has-post-thumbnail","6":"product_cat-fashion-fr","7":"product_cat-pantalon","9":"first","10":"outofstock","11":"taxable","12":"shipping-taxable","13":"purchasable","14":"product-type-simple"},"acf":[],"_links":{"self":[{"href":"https:\/\/arlette-kaballo-concept-store.com\/fr\/wp-json\/wp\/v2\/product\/133190","targetHints":{"allow":["GET"]}}],"collection":[{"href":"https:\/\/arlette-kaballo-concept-store.com\/fr\/wp-json\/wp\/v2\/product"}],"about":[{"href":"https:\/\/arlette-kaballo-concept-store.com\/fr\/wp-json\/wp\/v2\/types\/product"}],"replies":[{"embeddable":true,"href":"https:\/\/arlette-kaballo-concept-store.com\/fr\/wp-json\/wp\/v2\/comments?post=133190"}],"wp:featuredmedia":[{"embeddable":true,"href":"https:\/\/arlette-kaballo-concept-store.com\/fr\/wp-json\/wp\/v2\/media\/133056"}],"wp:attachment":[{"href":"https:\/\/arlette-kaballo-concept-store.com\/fr\/wp-json\/wp\/v2\/media?parent=133190"}],"wp:term":[{"taxonomy":"product_brand","embeddable":true,"href":"https:\/\/arlette-kaballo-concept-store.com\/fr\/wp-json\/wp\/v2\/product_brand?post=133190"},{"taxonomy":"product_cat","embeddable":true,"href":"https:\/\/arlette-kaballo-concept-store.com\/fr\/wp-json\/wp\/v2\/product_cat?post=133190"},{"taxonomy":"product_tag","embeddable":true,"href":"https:\/\/arlette-kaballo-concept-store.com\/fr\/wp-json\/wp\/v2\/product_tag?post=133190"}],"curies":[{"name":"wp","href":"https:\/\/api.w.org\/{rel}","templated":true}]}}