{"id":133204,"date":"2026-05-08T15:04:00","date_gmt":"2026-05-08T13:04:00","guid":{"rendered":"https:\/\/arlette-kaballo-concept-store.com\/?post_type=product&#038;p=133204"},"modified":"2026-05-08T15:04:01","modified_gmt":"2026-05-08T13:04:01","slug":"shirt-bbsparklemin","status":"publish","type":"product","link":"https:\/\/arlette-kaballo-concept-store.com\/fr\/produit\/shirt-bbsparklemin\/","title":{"rendered":"Shirt BBSparkleMin"},"content":{"rendered":"<p>Made in Italy<\/p>\n<p>Onesize \u2013 Taille 36 \u2013 46 36 \u2013 44<\/p>\n<p>taille de poitrine = 64 cm<\/p>\n<p>longueur = 70 cm<\/p>\n","protected":false},"excerpt":{"rendered":"<p>T-shirt de bande dessin\u00e9e \u00e0 paillettes avec des rayures lat\u00e9rales et des bords partiellement ouverts et effiloch\u00e9s en noir d\u00e9lav\u00e9 avec des manches bleu clair tout aussi d\u00e9lav\u00e9es.<\/p>\n","protected":false},"featured_media":133107,"comment_status":"closed","ping_status":"closed","template":"","meta":{"_acf_changed":false},"product_brand":[],"product_cat":[404,407],"product_tag":[],"class_list":{"0":"post-133204","1":"product","2":"type-product","3":"status-publish","4":"has-post-thumbnail","6":"product_cat-fashion-fr","7":"product_cat-hauts","9":"first","10":"instock","11":"taxable","12":"shipping-taxable","13":"purchasable","14":"product-type-simple"},"acf":[],"_links":{"self":[{"href":"https:\/\/arlette-kaballo-concept-store.com\/fr\/wp-json\/wp\/v2\/product\/133204","targetHints":{"allow":["GET"]}}],"collection":[{"href":"https:\/\/arlette-kaballo-concept-store.com\/fr\/wp-json\/wp\/v2\/product"}],"about":[{"href":"https:\/\/arlette-kaballo-concept-store.com\/fr\/wp-json\/wp\/v2\/types\/product"}],"replies":[{"embeddable":true,"href":"https:\/\/arlette-kaballo-concept-store.com\/fr\/wp-json\/wp\/v2\/comments?post=133204"}],"wp:featuredmedia":[{"embeddable":true,"href":"https:\/\/arlette-kaballo-concept-store.com\/fr\/wp-json\/wp\/v2\/media\/133107"}],"wp:attachment":[{"href":"https:\/\/arlette-kaballo-concept-store.com\/fr\/wp-json\/wp\/v2\/media?parent=133204"}],"wp:term":[{"taxonomy":"product_brand","embeddable":true,"href":"https:\/\/arlette-kaballo-concept-store.com\/fr\/wp-json\/wp\/v2\/product_brand?post=133204"},{"taxonomy":"product_cat","embeddable":true,"href":"https:\/\/arlette-kaballo-concept-store.com\/fr\/wp-json\/wp\/v2\/product_cat?post=133204"},{"taxonomy":"product_tag","embeddable":true,"href":"https:\/\/arlette-kaballo-concept-store.com\/fr\/wp-json\/wp\/v2\/product_tag?post=133204"}],"curies":[{"name":"wp","href":"https:\/\/api.w.org\/{rel}","templated":true}]}}